{"id":1370,"date":"2023-02-16T11:07:28","date_gmt":"2023-02-16T10:07:28","guid":{"rendered":"http:\/\/api25.fr\/?page_id=1370"},"modified":"2023-07-12T16:37:56","modified_gmt":"2023-07-12T14:37:56","slug":"calvaires-et-monuments","status":"publish","type":"page","link":"https:\/\/api25.fr\/index.php\/calvaires-et-monuments\/","title":{"rendered":"Calvaires et monuments"},"content":{"rendered":"\t\t<div data-elementor-type=\"wp-page\" data-elementor-id=\"1370\" class=\"elementor elementor-1370\">\n\t\t\t\t\t\t<section class=\"elementor-section elementor-top-section elementor-element elementor-element-4d0ad4b elementor-section-boxed elementor-section-height-default elementor-section-height-default\" data-id=\"4d0ad4b\" data-element_type=\"section\">\n\t\t\t\t\t\t<div class=\"elementor-container elementor-column-gap-default\">\n\t\t\t\t\t<div class=\"elementor-column elementor-col-100 elementor-top-column elementor-element elementor-element-4df7760\" data-id=\"4df7760\" data-element_type=\"column\">\n\t\t\t<div class=\"elementor-widget-wrap elementor-element-populated\">\n\t\t\t\t\t\t<div class=\"elementor-element elementor-element-674818c elementor-widget elementor-widget-heading\" data-id=\"674818c\" data-element_type=\"widget\" data-widget_type=\"heading.default\">\n\t\t\t\t<div class=\"elementor-widget-container\">\n\t\t\t\t\t<h2 class=\"elementor-heading-title elementor-size-default\">Monument d'Etrepigney<\/h2>\t\t\t\t<\/div>\n\t\t\t\t<\/div>\n\t\t\t\t\t<\/div>\n\t\t<\/div>\n\t\t\t\t\t<\/div>\n\t\t<\/section>\n\t\t\t\t<section class=\"elementor-section elementor-top-section elementor-element elementor-element-34a5a36 elementor-section-boxed elementor-section-height-default elementor-section-height-default\" data-id=\"34a5a36\" data-element_type=\"section\">\n\t\t\t\t\t\t<div class=\"elementor-container elementor-column-gap-wider\">\n\t\t\t\t\t<div class=\"elementor-column elementor-col-50 elementor-top-column elementor-element elementor-element-9bed049\" data-id=\"9bed049\" data-element_type=\"column\">\n\t\t\t<div class=\"elementor-widget-wrap elementor-element-populated\">\n\t\t\t\t\t\t<div class=\"elementor-element elementor-element-759477b elementor-widget elementor-widget-image\" data-id=\"759477b\" data-element_type=\"widget\" data-widget_type=\"image.default\">\n\t\t\t\t<div class=\"elementor-widget-container\">\n\t\t\t\t\t\t\t\t\t\t\t\t\t\t\t\t<a href=\"http:\/\/api25.fr\/wp-content\/uploads\/2023\/06\/Etrepiney-avant-1.jpg\">\n\t\t\t\t\t\t\t<img fetchpriority=\"high\" decoding=\"async\" width=\"562\" height=\"1024\" src=\"https:\/\/api25.fr\/wp-content\/uploads\/2023\/06\/Etrepiney-avant-1.jpg\" class=\"attachment-full size-full wp-image-2003\" alt=\"\" srcset=\"https:\/\/api25.fr\/wp-content\/uploads\/2023\/06\/Etrepiney-avant-1.jpg 562w, https:\/\/api25.fr\/wp-content\/uploads\/2023\/06\/Etrepiney-avant-1-165x300.jpg 165w\" sizes=\"(max-width: 562px) 100vw, 562px\" \/>\t\t\t\t\t\t\t\t<\/a>\n\t\t\t\t\t\t\t\t\t\t\t\t\t\t\t<\/div>\n\t\t\t\t<\/div>\n\t\t\t\t<div class=\"elementor-element elementor-element-4ee0bd4 elementor-widget elementor-widget-text-editor\" data-id=\"4ee0bd4\" data-element_type=\"widget\" data-widget_type=\"text-editor.default\">\n\t\t\t\t<div class=\"elementor-widget-container\">\n\t\t\t\t\t\t\t\t\t<h2 class=\"elementor-heading-title elementor-size-default elementor-inline-editing pen\" style=\"font-family: var( --e-global-typography-primary-font-family ), Sans-serif; font-style: normal; font-weight: var( --e-global-typography-primary-font-weight ); color: var( --e-global-color-text );\" data-elementor-setting-key=\"title\" data-pen-placeholder=\"\u00c9crivez ici...\">Avant<\/h2>\t\t\t\t\t\t\t\t<\/div>\n\t\t\t\t<\/div>\n\t\t\t\t\t<\/div>\n\t\t<\/div>\n\t\t\t\t<div class=\"elementor-column elementor-col-50 elementor-top-column elementor-element elementor-element-a829292\" data-id=\"a829292\" data-element_type=\"column\">\n\t\t\t<div class=\"elementor-widget-wrap elementor-element-populated\">\n\t\t\t\t\t\t<div class=\"elementor-element elementor-element-50dc4f6 elementor-widget elementor-widget-image\" data-id=\"50dc4f6\" data-element_type=\"widget\" data-widget_type=\"image.default\">\n\t\t\t\t<div class=\"elementor-widget-container\">\n\t\t\t\t\t\t\t\t\t\t\t\t\t\t\t\t<a href=\"http:\/\/api25.fr\/wp-content\/uploads\/2023\/06\/Etrepiney-apres-1-1.jpg\">\n\t\t\t\t\t\t\t<img decoding=\"async\" width=\"498\" height=\"923\" src=\"https:\/\/api25.fr\/wp-content\/uploads\/2023\/06\/Etrepiney-apres-1-1.jpg\" class=\"attachment-full size-full wp-image-2006\" alt=\"\" srcset=\"https:\/\/api25.fr\/wp-content\/uploads\/2023\/06\/Etrepiney-apres-1-1.jpg 498w, https:\/\/api25.fr\/wp-content\/uploads\/2023\/06\/Etrepiney-apres-1-1-162x300.jpg 162w\" sizes=\"(max-width: 498px) 100vw, 498px\" \/>\t\t\t\t\t\t\t\t<\/a>\n\t\t\t\t\t\t\t\t\t\t\t\t\t\t\t<\/div>\n\t\t\t\t<\/div>\n\t\t\t\t<div class=\"elementor-element elementor-element-862b4cf elementor-widget elementor-widget-text-editor\" data-id=\"862b4cf\" data-element_type=\"widget\" data-widget_type=\"text-editor.default\">\n\t\t\t\t<div class=\"elementor-widget-container\">\n\t\t\t\t\t\t\t\t\t<h2 class=\"elementor-heading-title elementor-size-default elementor-inline-editing pen\" style=\"font-family: var( --e-global-typography-primary-font-family ), Sans-serif; font-style: normal; font-weight: var( --e-global-typography-primary-font-weight ); color: var( --e-global-color-text ); text-align: center;\" data-elementor-setting-key=\"title\" data-pen-placeholder=\"\u00c9crivez ici...\">Apr\u00e8s<\/h2>\t\t\t\t\t\t\t\t<\/div>\n\t\t\t\t<\/div>\n\t\t\t\t\t<\/div>\n\t\t<\/div>\n\t\t\t\t\t<\/div>\n\t\t<\/section>\n\t\t\t\t<section class=\"elementor-section elementor-top-section elementor-element elementor-element-97359e0 elementor-section-boxed elementor-section-height-default elementor-section-height-default\" data-id=\"97359e0\" data-element_type=\"section\">\n\t\t\t\t\t\t<div class=\"elementor-container elementor-column-gap-default\">\n\t\t\t\t\t<div class=\"elementor-column elementor-col-100 elementor-top-column elementor-element elementor-element-64407a4\" data-id=\"64407a4\" data-element_type=\"column\">\n\t\t\t<div class=\"elementor-widget-wrap elementor-element-populated\">\n\t\t\t\t\t\t<div class=\"elementor-element elementor-element-eb94e23 elementor-widget elementor-widget-spacer\" data-id=\"eb94e23\" data-element_type=\"widget\" data-widget_type=\"spacer.default\">\n\t\t\t\t<div class=\"elementor-widget-container\">\n\t\t\t\t\t\t\t<div class=\"elementor-spacer\">\n\t\t\t<div class=\"elementor-spacer-inner\"><\/div>\n\t\t<\/div>\n\t\t\t\t\t\t<\/div>\n\t\t\t\t<\/div>\n\t\t\t\t\t<\/div>\n\t\t<\/div>\n\t\t\t\t\t<\/div>\n\t\t<\/section>\n\t\t\t\t<section class=\"elementor-section elementor-top-section elementor-element elementor-element-5a5a395 elementor-section-boxed elementor-section-height-default elementor-section-height-default\" data-id=\"5a5a395\" data-element_type=\"section\">\n\t\t\t\t\t\t<div class=\"elementor-container elementor-column-gap-default\">\n\t\t\t\t\t<div class=\"elementor-column elementor-col-100 elementor-top-column elementor-element elementor-element-90f8331\" data-id=\"90f8331\" data-element_type=\"column\">\n\t\t\t<div class=\"elementor-widget-wrap elementor-element-populated\">\n\t\t\t\t\t\t<div class=\"elementor-element elementor-element-684d4d4 elementor-widget elementor-widget-heading\" data-id=\"684d4d4\" data-element_type=\"widget\" data-widget_type=\"heading.default\">\n\t\t\t\t<div class=\"elementor-widget-container\">\n\t\t\t\t\t<h2 class=\"elementor-heading-title elementor-size-default\">Calvaire de Fontain - 1<\/h2>\t\t\t\t<\/div>\n\t\t\t\t<\/div>\n\t\t\t\t\t<\/div>\n\t\t<\/div>\n\t\t\t\t\t<\/div>\n\t\t<\/section>\n\t\t\t\t<section class=\"elementor-section elementor-top-section elementor-element elementor-element-70a8091 elementor-section-boxed elementor-section-height-default elementor-section-height-default\" data-id=\"70a8091\" data-element_type=\"section\">\n\t\t\t\t\t\t<div class=\"elementor-container elementor-column-gap-wider\">\n\t\t\t\t\t<div class=\"elementor-column elementor-col-50 elementor-top-column elementor-element elementor-element-4d554ea\" data-id=\"4d554ea\" data-element_type=\"column\">\n\t\t\t<div class=\"elementor-widget-wrap elementor-element-populated\">\n\t\t\t\t\t\t<div class=\"elementor-element elementor-element-bbab910 elementor-widget elementor-widget-image\" data-id=\"bbab910\" data-element_type=\"widget\" data-widget_type=\"image.default\">\n\t\t\t\t<div class=\"elementor-widget-container\">\n\t\t\t\t\t\t\t\t\t\t\t\t\t\t\t<img decoding=\"async\" width=\"2560\" height=\"1696\" src=\"https:\/\/api25.fr\/wp-content\/uploads\/2023\/06\/calvaires-FONTAIN-1-scaled.jpg\" class=\"attachment-full size-full wp-image-1948\" alt=\"\" srcset=\"https:\/\/api25.fr\/wp-content\/uploads\/2023\/06\/calvaires-FONTAIN-1-scaled.jpg 2560w, https:\/\/api25.fr\/wp-content\/uploads\/2023\/06\/calvaires-FONTAIN-1-300x199.jpg 300w, https:\/\/api25.fr\/wp-content\/uploads\/2023\/06\/calvaires-FONTAIN-1-1024x678.jpg 1024w, https:\/\/api25.fr\/wp-content\/uploads\/2023\/06\/calvaires-FONTAIN-1-768x509.jpg 768w, https:\/\/api25.fr\/wp-content\/uploads\/2023\/06\/calvaires-FONTAIN-1-1536x1017.jpg 1536w, https:\/\/api25.fr\/wp-content\/uploads\/2023\/06\/calvaires-FONTAIN-1-2048x1356.jpg 2048w\" sizes=\"(max-width: 2560px) 100vw, 2560px\" \/>\t\t\t\t\t\t\t\t\t\t\t\t\t\t\t<\/div>\n\t\t\t\t<\/div>\n\t\t\t\t<div class=\"elementor-element elementor-element-797f151 elementor-widget elementor-widget-text-editor\" data-id=\"797f151\" data-element_type=\"widget\" data-widget_type=\"text-editor.default\">\n\t\t\t\t<div class=\"elementor-widget-container\">\n\t\t\t\t\t\t\t\t\t<h2 class=\"elementor-heading-title elementor-size-default elementor-inline-editing pen\" style=\"font-family: var( --e-global-typography-primary-font-family ), Sans-serif; font-style: normal; font-weight: var( --e-global-typography-primary-font-weight ); color: var( --e-global-color-text );\" data-elementor-setting-key=\"title\" data-pen-placeholder=\"\u00c9crivez ici...\">Avant<\/h2>\t\t\t\t\t\t\t\t<\/div>\n\t\t\t\t<\/div>\n\t\t\t\t\t<\/div>\n\t\t<\/div>\n\t\t\t\t<div class=\"elementor-column elementor-col-50 elementor-top-column elementor-element elementor-element-0811279\" data-id=\"0811279\" data-element_type=\"column\">\n\t\t\t<div class=\"elementor-widget-wrap elementor-element-populated\">\n\t\t\t\t\t\t<div class=\"elementor-element elementor-element-6e70523 elementor-widget elementor-widget-image\" data-id=\"6e70523\" data-element_type=\"widget\" data-widget_type=\"image.default\">\n\t\t\t\t<div class=\"elementor-widget-container\">\n\t\t\t\t\t\t\t\t\t\t\t\t\t\t\t<img loading=\"lazy\" decoding=\"async\" width=\"2560\" height=\"1696\" src=\"https:\/\/api25.fr\/wp-content\/uploads\/2023\/06\/calvaires-FONTAIN-2-scaled.jpg\" class=\"attachment-full size-full wp-image-1949\" alt=\"\" srcset=\"https:\/\/api25.fr\/wp-content\/uploads\/2023\/06\/calvaires-FONTAIN-2-scaled.jpg 2560w, https:\/\/api25.fr\/wp-content\/uploads\/2023\/06\/calvaires-FONTAIN-2-300x199.jpg 300w, https:\/\/api25.fr\/wp-content\/uploads\/2023\/06\/calvaires-FONTAIN-2-1024x678.jpg 1024w, https:\/\/api25.fr\/wp-content\/uploads\/2023\/06\/calvaires-FONTAIN-2-768x509.jpg 768w, https:\/\/api25.fr\/wp-content\/uploads\/2023\/06\/calvaires-FONTAIN-2-1536x1017.jpg 1536w, https:\/\/api25.fr\/wp-content\/uploads\/2023\/06\/calvaires-FONTAIN-2-2048x1356.jpg 2048w\" sizes=\"(max-width: 2560px) 100vw, 2560px\" \/>\t\t\t\t\t\t\t\t\t\t\t\t\t\t\t<\/div>\n\t\t\t\t<\/div>\n\t\t\t\t<div class=\"elementor-element elementor-element-6d14361 elementor-widget elementor-widget-text-editor\" data-id=\"6d14361\" data-element_type=\"widget\" data-widget_type=\"text-editor.default\">\n\t\t\t\t<div class=\"elementor-widget-container\">\n\t\t\t\t\t\t\t\t\t<h2 class=\"elementor-heading-title elementor-size-default elementor-inline-editing pen\" style=\"font-family: var( --e-global-typography-primary-font-family ), Sans-serif; font-style: normal; font-weight: var( --e-global-typography-primary-font-weight ); color: var( --e-global-color-text ); text-align: center;\" data-elementor-setting-key=\"title\" data-pen-placeholder=\"\u00c9crivez ici...\">Apr\u00e8s<\/h2>\t\t\t\t\t\t\t\t<\/div>\n\t\t\t\t<\/div>\n\t\t\t\t\t<\/div>\n\t\t<\/div>\n\t\t\t\t\t<\/div>\n\t\t<\/section>\n\t\t\t\t<section class=\"elementor-section elementor-top-section elementor-element elementor-element-104df73 elementor-section-boxed elementor-section-height-default elementor-section-height-default\" data-id=\"104df73\" data-element_type=\"section\">\n\t\t\t\t\t\t<div class=\"elementor-container elementor-column-gap-default\">\n\t\t\t\t\t<div class=\"elementor-column elementor-col-100 elementor-top-column elementor-element elementor-element-ab7889c\" data-id=\"ab7889c\" data-element_type=\"column\">\n\t\t\t<div class=\"elementor-widget-wrap elementor-element-populated\">\n\t\t\t\t\t\t<div class=\"elementor-element elementor-element-7335499 elementor-widget elementor-widget-spacer\" data-id=\"7335499\" data-element_type=\"widget\" data-widget_type=\"spacer.default\">\n\t\t\t\t<div class=\"elementor-widget-container\">\n\t\t\t\t\t\t\t<div class=\"elementor-spacer\">\n\t\t\t<div class=\"elementor-spacer-inner\"><\/div>\n\t\t<\/div>\n\t\t\t\t\t\t<\/div>\n\t\t\t\t<\/div>\n\t\t\t\t\t<\/div>\n\t\t<\/div>\n\t\t\t\t\t<\/div>\n\t\t<\/section>\n\t\t\t\t<section class=\"elementor-section elementor-top-section elementor-element elementor-element-e0e32b6 elementor-section-boxed elementor-section-height-default elementor-section-height-default\" data-id=\"e0e32b6\" data-element_type=\"section\">\n\t\t\t\t\t\t<div class=\"elementor-container elementor-column-gap-default\">\n\t\t\t\t\t<div class=\"elementor-column elementor-col-100 elementor-top-column elementor-element elementor-element-1142d70\" data-id=\"1142d70\" data-element_type=\"column\">\n\t\t\t<div class=\"elementor-widget-wrap elementor-element-populated\">\n\t\t\t\t\t\t<div class=\"elementor-element elementor-element-ea184c3 elementor-widget elementor-widget-heading\" data-id=\"ea184c3\" data-element_type=\"widget\" data-widget_type=\"heading.default\">\n\t\t\t\t<div class=\"elementor-widget-container\">\n\t\t\t\t\t<h2 class=\"elementor-heading-title elementor-size-default\">Calvaire de Fontain - 2<\/h2>\t\t\t\t<\/div>\n\t\t\t\t<\/div>\n\t\t\t\t\t<\/div>\n\t\t<\/div>\n\t\t\t\t\t<\/div>\n\t\t<\/section>\n\t\t\t\t<section class=\"elementor-section elementor-top-section elementor-element elementor-element-f78faaf elementor-section-boxed elementor-section-height-default elementor-section-height-default\" data-id=\"f78faaf\" data-element_type=\"section\">\n\t\t\t\t\t\t<div class=\"elementor-container elementor-column-gap-wider\">\n\t\t\t\t\t<div class=\"elementor-column elementor-col-50 elementor-top-column elementor-element elementor-element-279c6d2\" data-id=\"279c6d2\" data-element_type=\"column\">\n\t\t\t<div class=\"elementor-widget-wrap elementor-element-populated\">\n\t\t\t\t\t\t<div class=\"elementor-element elementor-element-0e64e7b elementor-widget elementor-widget-image\" data-id=\"0e64e7b\" data-element_type=\"widget\" data-widget_type=\"image.default\">\n\t\t\t\t<div class=\"elementor-widget-container\">\n\t\t\t\t\t\t\t\t\t\t\t\t\t\t\t<img loading=\"lazy\" decoding=\"async\" width=\"2560\" height=\"1696\" src=\"https:\/\/api25.fr\/wp-content\/uploads\/2023\/06\/calvaires-FONTAIN-4-scaled.jpg\" class=\"attachment-full size-full wp-image-1951\" alt=\"\" srcset=\"https:\/\/api25.fr\/wp-content\/uploads\/2023\/06\/calvaires-FONTAIN-4-scaled.jpg 2560w, https:\/\/api25.fr\/wp-content\/uploads\/2023\/06\/calvaires-FONTAIN-4-300x199.jpg 300w, https:\/\/api25.fr\/wp-content\/uploads\/2023\/06\/calvaires-FONTAIN-4-1024x678.jpg 1024w, https:\/\/api25.fr\/wp-content\/uploads\/2023\/06\/calvaires-FONTAIN-4-768x509.jpg 768w, https:\/\/api25.fr\/wp-content\/uploads\/2023\/06\/calvaires-FONTAIN-4-1536x1017.jpg 1536w, https:\/\/api25.fr\/wp-content\/uploads\/2023\/06\/calvaires-FONTAIN-4-2048x1356.jpg 2048w\" sizes=\"(max-width: 2560px) 100vw, 2560px\" \/>\t\t\t\t\t\t\t\t\t\t\t\t\t\t\t<\/div>\n\t\t\t\t<\/div>\n\t\t\t\t<div class=\"elementor-element elementor-element-b26f993 elementor-widget elementor-widget-text-editor\" data-id=\"b26f993\" data-element_type=\"widget\" data-widget_type=\"text-editor.default\">\n\t\t\t\t<div class=\"elementor-widget-container\">\n\t\t\t\t\t\t\t\t\t<h2 class=\"elementor-heading-title elementor-size-default elementor-inline-editing pen\" style=\"font-family: var( --e-global-typography-primary-font-family ), Sans-serif; font-style: normal; font-weight: var( --e-global-typography-primary-font-weight ); color: var( --e-global-color-text );\" data-elementor-setting-key=\"title\" data-pen-placeholder=\"\u00c9crivez ici...\">Avant<\/h2>\t\t\t\t\t\t\t\t<\/div>\n\t\t\t\t<\/div>\n\t\t\t\t\t<\/div>\n\t\t<\/div>\n\t\t\t\t<div class=\"elementor-column elementor-col-50 elementor-top-column elementor-element elementor-element-bd91340\" data-id=\"bd91340\" data-element_type=\"column\">\n\t\t\t<div class=\"elementor-widget-wrap elementor-element-populated\">\n\t\t\t\t\t\t<div class=\"elementor-element elementor-element-42fa669 elementor-widget elementor-widget-image\" data-id=\"42fa669\" data-element_type=\"widget\" data-widget_type=\"image.default\">\n\t\t\t\t<div class=\"elementor-widget-container\">\n\t\t\t\t\t\t\t\t\t\t\t\t\t\t\t<img loading=\"lazy\" decoding=\"async\" width=\"2560\" height=\"1696\" src=\"https:\/\/api25.fr\/wp-content\/uploads\/2023\/06\/calvaires-FONTAIN-3-scaled.jpg\" class=\"attachment-full size-full wp-image-1952\" alt=\"\" srcset=\"https:\/\/api25.fr\/wp-content\/uploads\/2023\/06\/calvaires-FONTAIN-3-scaled.jpg 2560w, https:\/\/api25.fr\/wp-content\/uploads\/2023\/06\/calvaires-FONTAIN-3-300x199.jpg 300w, https:\/\/api25.fr\/wp-content\/uploads\/2023\/06\/calvaires-FONTAIN-3-1024x678.jpg 1024w, https:\/\/api25.fr\/wp-content\/uploads\/2023\/06\/calvaires-FONTAIN-3-768x509.jpg 768w, https:\/\/api25.fr\/wp-content\/uploads\/2023\/06\/calvaires-FONTAIN-3-1536x1017.jpg 1536w, https:\/\/api25.fr\/wp-content\/uploads\/2023\/06\/calvaires-FONTAIN-3-2048x1356.jpg 2048w\" sizes=\"(max-width: 2560px) 100vw, 2560px\" \/>\t\t\t\t\t\t\t\t\t\t\t\t\t\t\t<\/div>\n\t\t\t\t<\/div>\n\t\t\t\t<div class=\"elementor-element elementor-element-e599763 elementor-widget elementor-widget-text-editor\" data-id=\"e599763\" data-element_type=\"widget\" data-widget_type=\"text-editor.default\">\n\t\t\t\t<div class=\"elementor-widget-container\">\n\t\t\t\t\t\t\t\t\t<h2 class=\"elementor-heading-title elementor-size-default elementor-inline-editing pen\" style=\"font-family: var( --e-global-typography-primary-font-family ), Sans-serif; font-style: normal; font-weight: var( --e-global-typography-primary-font-weight ); color: var( --e-global-color-text ); text-align: center;\" data-elementor-setting-key=\"title\" data-pen-placeholder=\"\u00c9crivez ici...\">Apr\u00e8s<\/h2>\t\t\t\t\t\t\t\t<\/div>\n\t\t\t\t<\/div>\n\t\t\t\t\t<\/div>\n\t\t<\/div>\n\t\t\t\t\t<\/div>\n\t\t<\/section>\n\t\t\t\t<section class=\"elementor-section elementor-top-section elementor-element elementor-element-33ed5f7 elementor-section-boxed elementor-section-height-default elementor-section-height-default\" data-id=\"33ed5f7\" data-element_type=\"section\">\n\t\t\t\t\t\t<div class=\"elementor-container elementor-column-gap-default\">\n\t\t\t\t\t<div class=\"elementor-column elementor-col-100 elementor-top-column elementor-element elementor-element-6f8961f\" data-id=\"6f8961f\" data-element_type=\"column\">\n\t\t\t<div class=\"elementor-widget-wrap elementor-element-populated\">\n\t\t\t\t\t\t<div class=\"elementor-element elementor-element-398d4f8 elementor-widget elementor-widget-spacer\" data-id=\"398d4f8\" data-element_type=\"widget\" data-widget_type=\"spacer.default\">\n\t\t\t\t<div class=\"elementor-widget-container\">\n\t\t\t\t\t\t\t<div class=\"elementor-spacer\">\n\t\t\t<div class=\"elementor-spacer-inner\"><\/div>\n\t\t<\/div>\n\t\t\t\t\t\t<\/div>\n\t\t\t\t<\/div>\n\t\t\t\t\t<\/div>\n\t\t<\/div>\n\t\t\t\t\t<\/div>\n\t\t<\/section>\n\t\t\t\t<section class=\"elementor-section elementor-top-section elementor-element elementor-element-645e8fb elementor-section-boxed elementor-section-height-default elementor-section-height-default\" data-id=\"645e8fb\" data-element_type=\"section\">\n\t\t\t\t\t\t<div class=\"elementor-container elementor-column-gap-default\">\n\t\t\t\t\t<div class=\"elementor-column elementor-col-100 elementor-top-column elementor-element elementor-element-ad637b6\" data-id=\"ad637b6\" data-element_type=\"column\">\n\t\t\t<div class=\"elementor-widget-wrap elementor-element-populated\">\n\t\t\t\t\t\t<div class=\"elementor-element elementor-element-017ef39 elementor-widget elementor-widget-heading\" data-id=\"017ef39\" data-element_type=\"widget\" data-widget_type=\"heading.default\">\n\t\t\t\t<div class=\"elementor-widget-container\">\n\t\t\t\t\t<h2 class=\"elementor-heading-title elementor-size-default\">Monument d'Etrepigney<\/h2>\t\t\t\t<\/div>\n\t\t\t\t<\/div>\n\t\t\t\t\t<\/div>\n\t\t<\/div>\n\t\t\t\t\t<\/div>\n\t\t<\/section>\n\t\t\t\t<section class=\"elementor-section elementor-top-section elementor-element elementor-element-3613fd2 elementor-section-boxed elementor-section-height-default elementor-section-height-default\" data-id=\"3613fd2\" data-element_type=\"section\">\n\t\t\t\t\t\t<div class=\"elementor-container elementor-column-gap-wider\">\n\t\t\t\t\t<div class=\"elementor-column elementor-col-50 elementor-top-column elementor-element elementor-element-9a47703\" data-id=\"9a47703\" data-element_type=\"column\">\n\t\t\t<div class=\"elementor-widget-wrap elementor-element-populated\">\n\t\t\t\t\t\t<div class=\"elementor-element elementor-element-ac5c220 elementor-widget elementor-widget-image\" data-id=\"ac5c220\" data-element_type=\"widget\" data-widget_type=\"image.default\">\n\t\t\t\t<div class=\"elementor-widget-container\">\n\t\t\t\t\t\t\t\t\t\t\t\t\t\t\t\t<a href=\"http:\/\/api25.fr\/wp-content\/uploads\/2023\/07\/St-VIT-Vierge-1-scaled.jpg\">\n\t\t\t\t\t\t\t<img loading=\"lazy\" decoding=\"async\" width=\"1696\" height=\"2560\" src=\"https:\/\/api25.fr\/wp-content\/uploads\/2023\/07\/St-VIT-Vierge-1-scaled.jpg\" class=\"attachment-full size-full wp-image-2282\" alt=\"\" srcset=\"https:\/\/api25.fr\/wp-content\/uploads\/2023\/07\/St-VIT-Vierge-1-scaled.jpg 1696w, https:\/\/api25.fr\/wp-content\/uploads\/2023\/07\/St-VIT-Vierge-1-199x300.jpg 199w, https:\/\/api25.fr\/wp-content\/uploads\/2023\/07\/St-VIT-Vierge-1-678x1024.jpg 678w, https:\/\/api25.fr\/wp-content\/uploads\/2023\/07\/St-VIT-Vierge-1-768x1160.jpg 768w, https:\/\/api25.fr\/wp-content\/uploads\/2023\/07\/St-VIT-Vierge-1-1017x1536.jpg 1017w, https:\/\/api25.fr\/wp-content\/uploads\/2023\/07\/St-VIT-Vierge-1-1356x2048.jpg 1356w\" sizes=\"(max-width: 1696px) 100vw, 1696px\" \/>\t\t\t\t\t\t\t\t<\/a>\n\t\t\t\t\t\t\t\t\t\t\t\t\t\t\t<\/div>\n\t\t\t\t<\/div>\n\t\t\t\t<div class=\"elementor-element elementor-element-b6d23b0 elementor-widget elementor-widget-text-editor\" data-id=\"b6d23b0\" data-element_type=\"widget\" data-widget_type=\"text-editor.default\">\n\t\t\t\t<div class=\"elementor-widget-container\">\n\t\t\t\t\t\t\t\t\t<h2 class=\"elementor-heading-title elementor-size-default elementor-inline-editing pen\" style=\"font-family: var( --e-global-typography-primary-font-family ), Sans-serif; font-style: normal; font-weight: var( --e-global-typography-primary-font-weight ); color: var( --e-global-color-text );\" data-elementor-setting-key=\"title\" data-pen-placeholder=\"\u00c9crivez ici...\">Avant<\/h2>\t\t\t\t\t\t\t\t<\/div>\n\t\t\t\t<\/div>\n\t\t\t\t\t<\/div>\n\t\t<\/div>\n\t\t\t\t<div class=\"elementor-column elementor-col-50 elementor-top-column elementor-element elementor-element-797042c\" data-id=\"797042c\" data-element_type=\"column\">\n\t\t\t<div class=\"elementor-widget-wrap elementor-element-populated\">\n\t\t\t\t\t\t<div class=\"elementor-element elementor-element-9e31b0a elementor-widget elementor-widget-image\" data-id=\"9e31b0a\" data-element_type=\"widget\" data-widget_type=\"image.default\">\n\t\t\t\t<div class=\"elementor-widget-container\">\n\t\t\t\t\t\t\t\t\t\t\t\t\t\t\t\t<a href=\"http:\/\/api25.fr\/wp-content\/uploads\/2023\/07\/St-VIT-Vierge-2-scaled.jpg\">\n\t\t\t\t\t\t\t<img loading=\"lazy\" decoding=\"async\" width=\"1696\" height=\"2560\" src=\"https:\/\/api25.fr\/wp-content\/uploads\/2023\/07\/St-VIT-Vierge-2-scaled.jpg\" class=\"attachment-full size-full wp-image-2283\" alt=\"\" srcset=\"https:\/\/api25.fr\/wp-content\/uploads\/2023\/07\/St-VIT-Vierge-2-scaled.jpg 1696w, https:\/\/api25.fr\/wp-content\/uploads\/2023\/07\/St-VIT-Vierge-2-199x300.jpg 199w, https:\/\/api25.fr\/wp-content\/uploads\/2023\/07\/St-VIT-Vierge-2-678x1024.jpg 678w, https:\/\/api25.fr\/wp-content\/uploads\/2023\/07\/St-VIT-Vierge-2-768x1160.jpg 768w, https:\/\/api25.fr\/wp-content\/uploads\/2023\/07\/St-VIT-Vierge-2-1017x1536.jpg 1017w, https:\/\/api25.fr\/wp-content\/uploads\/2023\/07\/St-VIT-Vierge-2-1356x2048.jpg 1356w\" sizes=\"(max-width: 1696px) 100vw, 1696px\" \/>\t\t\t\t\t\t\t\t<\/a>\n\t\t\t\t\t\t\t\t\t\t\t\t\t\t\t<\/div>\n\t\t\t\t<\/div>\n\t\t\t\t<div class=\"elementor-element elementor-element-6d38771 elementor-widget elementor-widget-text-editor\" data-id=\"6d38771\" data-element_type=\"widget\" data-widget_type=\"text-editor.default\">\n\t\t\t\t<div class=\"elementor-widget-container\">\n\t\t\t\t\t\t\t\t\t<h2 class=\"elementor-heading-title elementor-size-default elementor-inline-editing pen\" style=\"font-family: var( --e-global-typography-primary-font-family ), Sans-serif; font-style: normal; font-weight: var( --e-global-typography-primary-font-weight ); color: var( --e-global-color-text ); text-align: center;\" data-elementor-setting-key=\"title\" data-pen-placeholder=\"\u00c9crivez ici...\">Apr\u00e8s<\/h2>\t\t\t\t\t\t\t\t<\/div>\n\t\t\t\t<\/div>\n\t\t\t\t\t<\/div>\n\t\t<\/div>\n\t\t\t\t\t<\/div>\n\t\t<\/section>\n\t\t\t\t<\/div>\n\t\t","protected":false},"excerpt":{"rendered":"<p>Monument d&rsquo;Etrepigney Avant Apr\u00e8s Calvaire de Fontain &#8211; 1 Avant Apr\u00e8s Calvaire de Fontain &#8211; 2 Avant Apr\u00e8s Monument d&rsquo;Etrepigney Avant Apr\u00e8s<\/p>\n","protected":false},"author":1,"featured_media":0,"parent":0,"menu_order":0,"comment_status":"closed","ping_status":"closed","template":"","meta":{"footnotes":""},"folder":[],"class_list":["post-1370","page","type-page","status-publish"],"_links":{"self":[{"href":"https:\/\/api25.fr\/index.php\/wp-json\/wp\/v2\/pages\/1370","targetHints":{"allow":["GET"]}}],"collection":[{"href":"https:\/\/api25.fr\/index.php\/wp-json\/wp\/v2\/pages"}],"about":[{"href":"https:\/\/api25.fr\/index.php\/wp-json\/wp\/v2\/types\/page"}],"author":[{"embeddable":true,"href":"https:\/\/api25.fr\/index.php\/wp-json\/wp\/v2\/users\/1"}],"replies":[{"embeddable":true,"href":"https:\/\/api25.fr\/index.php\/wp-json\/wp\/v2\/comments?post=1370"}],"version-history":[{"count":40,"href":"https:\/\/api25.fr\/index.php\/wp-json\/wp\/v2\/pages\/1370\/revisions"}],"predecessor-version":[{"id":2289,"href":"https:\/\/api25.fr\/index.php\/wp-json\/wp\/v2\/pages\/1370\/revisions\/2289"}],"wp:attachment":[{"href":"https:\/\/api25.fr\/index.php\/wp-json\/wp\/v2\/media?parent=1370"}],"wp:term":[{"taxonomy":"folder","embeddable":true,"href":"https:\/\/api25.fr\/index.php\/wp-json\/wp\/v2\/folder?post=1370"}],"curies":[{"name":"wp","href":"https:\/\/api.w.org\/{rel}","templated":true}]}}