{"id":173,"date":"2022-11-04T14:51:06","date_gmt":"2022-11-04T13:51:06","guid":{"rendered":"http:\/\/api25.fr\/?page_id=173"},"modified":"2023-04-20T13:14:45","modified_gmt":"2023-04-20T11:14:45","slug":"qui-sommes-nous","status":"publish","type":"page","link":"https:\/\/api25.fr\/index.php\/association\/qui-sommes-nous\/","title":{"rendered":"Qui sommes-nous?"},"content":{"rendered":"\t\t<div data-elementor-type=\"wp-page\" data-elementor-id=\"173\" class=\"elementor elementor-173\">\n\t\t\t\t\t\t<section class=\"elementor-section elementor-top-section elementor-element elementor-element-1e3708e elementor-section-boxed elementor-section-height-default elementor-section-height-default\" data-id=\"1e3708e\" data-element_type=\"section\" data-settings=\"{&quot;background_background&quot;:&quot;classic&quot;}\">\n\t\t\t\t\t\t<div class=\"elementor-container elementor-column-gap-default\">\n\t\t\t\t\t<div class=\"elementor-column elementor-col-100 elementor-top-column elementor-element elementor-element-11a88a2\" data-id=\"11a88a2\" data-element_type=\"column\">\n\t\t\t<div class=\"elementor-widget-wrap elementor-element-populated\">\n\t\t\t\t\t\t<div class=\"elementor-element elementor-element-157f8c5 elementor-widget__width-inherit elementor-widget elementor-widget-heading\" data-id=\"157f8c5\" data-element_type=\"widget\" data-widget_type=\"heading.default\">\n\t\t\t\t<div class=\"elementor-widget-container\">\n\t\t\t\t\t<h1 class=\"elementor-heading-title elementor-size-default\">Qui sommes-nous ?<\/h1>\t\t\t\t<\/div>\n\t\t\t\t<\/div>\n\t\t\t\t\t<\/div>\n\t\t<\/div>\n\t\t\t\t\t<\/div>\n\t\t<\/section>\n\t\t\t\t<section class=\"elementor-section elementor-top-section elementor-element elementor-element-1fed107 elementor-section-boxed elementor-section-height-default elementor-section-height-default\" data-id=\"1fed107\" data-element_type=\"section\" data-settings=\"{&quot;background_background&quot;:&quot;classic&quot;}\">\n\t\t\t\t\t\t<div class=\"elementor-container elementor-column-gap-default\">\n\t\t\t\t\t<div class=\"elementor-column elementor-col-50 elementor-top-column elementor-element elementor-element-23615ab\" data-id=\"23615ab\" data-element_type=\"column\">\n\t\t\t<div class=\"elementor-widget-wrap elementor-element-populated\">\n\t\t\t\t\t\t<div class=\"elementor-element elementor-element-abdddca elementor-widget elementor-widget-text-editor\" data-id=\"abdddca\" data-element_type=\"widget\" data-widget_type=\"text-editor.default\">\n\t\t\t\t<div class=\"elementor-widget-container\">\n\t\t\t\t\t\t\t\t\t<p><\/p>\n<p>API 25 est un chantier d\u2019insertion qui a pour vocation d\u2019accompagner des publics tr\u00e8s \u00e9loign\u00e9s de l\u2019emploi. Pour ce faire, elle s\u2019appuie sur des Contrat \u00e0 Dur\u00e9e D\u00e9termin\u00e9e d\u2019Insertion (CDDI). Gr\u00e2ce auxquels les personnes accueillies travaillent sur des chantiers en percevant une r\u00e9mun\u00e9ration et suivent en m\u00eame temps un accompagnement socio-professionnel.\u00a0<span style=\"color: var( --e-global-color-text ); font-family: var( --e-global-typography-text-font-family ), Sans-serif; font-weight: var( --e-global-typography-text-font-weight );\">API 25 ne privil\u00e9gie aucun public en particulier : tous les profils sont les bienvenus.<\/span><\/p>\n<p><\/p>\n<p><\/p>\n<p>L\u2019association est sp\u00e9cialis\u00e9e dans le travail de la pierre. La majorit\u00e9 de ses chantiers porte donc sur la restauration de patrimoine ancien : murets et murs de pierres, cabordes, lavoirs et fontaines, cimeti\u00e8res, monument aux morts. etc. Son chantier le plus important est la restauration du Castel Saint Denis. L\u2019association r\u00e9pond aussi parfois \u00e0 des sollicitation de particuliers pour lesquels elle r\u00e9alise souvent des constructions neuves en pierres.<\/p>\n<p><\/p>\t\t\t\t\t\t\t\t<\/div>\n\t\t\t\t<\/div>\n\t\t\t\t\t<\/div>\n\t\t<\/div>\n\t\t\t\t<div class=\"elementor-column elementor-col-50 elementor-top-column elementor-element elementor-element-c7d60fa\" data-id=\"c7d60fa\" data-element_type=\"column\">\n\t\t\t<div class=\"elementor-widget-wrap elementor-element-populated\">\n\t\t\t\t\t\t<div class=\"elementor-element elementor-element-e491810 elementor-widget__width-inherit e-transform elementor-widget elementor-widget-image\" data-id=\"e491810\" data-element_type=\"widget\" data-settings=\"{&quot;_transform_translateX_effect&quot;:{&quot;unit&quot;:&quot;px&quot;,&quot;size&quot;:0,&quot;sizes&quot;:[]},&quot;_transform_translateX_effect_tablet&quot;:{&quot;unit&quot;:&quot;px&quot;,&quot;size&quot;:&quot;&quot;,&quot;sizes&quot;:[]},&quot;_transform_translateX_effect_mobile&quot;:{&quot;unit&quot;:&quot;px&quot;,&quot;size&quot;:&quot;&quot;,&quot;sizes&quot;:[]},&quot;_transform_translateY_effect&quot;:{&quot;unit&quot;:&quot;px&quot;,&quot;size&quot;:&quot;&quot;,&quot;sizes&quot;:[]},&quot;_transform_translateY_effect_tablet&quot;:{&quot;unit&quot;:&quot;px&quot;,&quot;size&quot;:&quot;&quot;,&quot;sizes&quot;:[]},&quot;_transform_translateY_effect_mobile&quot;:{&quot;unit&quot;:&quot;px&quot;,&quot;size&quot;:&quot;&quot;,&quot;sizes&quot;:[]}}\" data-widget_type=\"image.default\">\n\t\t\t\t<div class=\"elementor-widget-container\">\n\t\t\t\t\t\t\t\t\t\t\t\t\t\t\t<img fetchpriority=\"high\" decoding=\"async\" width=\"1604\" height=\"1062\" src=\"https:\/\/api25.fr\/wp-content\/uploads\/2022\/11\/Gonsans-Lavoir-apres.jpg\" class=\"attachment-full size-full wp-image-346\" alt=\"\" srcset=\"https:\/\/api25.fr\/wp-content\/uploads\/2022\/11\/Gonsans-Lavoir-apres.jpg 1604w, https:\/\/api25.fr\/wp-content\/uploads\/2022\/11\/Gonsans-Lavoir-apres-300x199.jpg 300w, https:\/\/api25.fr\/wp-content\/uploads\/2022\/11\/Gonsans-Lavoir-apres-1024x678.jpg 1024w, https:\/\/api25.fr\/wp-content\/uploads\/2022\/11\/Gonsans-Lavoir-apres-768x508.jpg 768w, https:\/\/api25.fr\/wp-content\/uploads\/2022\/11\/Gonsans-Lavoir-apres-1536x1017.jpg 1536w\" sizes=\"(max-width: 1604px) 100vw, 1604px\" \/>\t\t\t\t\t\t\t\t\t\t\t\t\t\t\t<\/div>\n\t\t\t\t<\/div>\n\t\t\t\t\t<\/div>\n\t\t<\/div>\n\t\t\t\t\t<\/div>\n\t\t<\/section>\n\t\t\t\t<\/div>\n\t\t","protected":false},"excerpt":{"rendered":"<p>Qui sommes-nous ? API 25 est un chantier d\u2019insertion qui a pour vocation d\u2019accompagner des publics tr\u00e8s \u00e9loign\u00e9s de l\u2019emploi. Pour ce faire, elle s\u2019appuie sur des Contrat \u00e0 Dur\u00e9e D\u00e9termin\u00e9e d\u2019Insertion (CDDI). Gr\u00e2ce auxquels les personnes accueillies travaillent sur des chantiers en percevant une r\u00e9mun\u00e9ration et suivent en m\u00eame temps un accompagnement socio-professionnel.\u00a0API 25 &#8230; <a title=\"Qui sommes-nous?\" class=\"read-more\" href=\"https:\/\/api25.fr\/index.php\/association\/qui-sommes-nous\/\" aria-label=\"En savoir plus sur Qui sommes-nous?\">Lire la suite<\/a><\/p>\n","protected":false},"author":1,"featured_media":0,"parent":59,"menu_order":1,"comment_status":"closed","ping_status":"closed","template":"","meta":{"footnotes":""},"folder":[17],"class_list":["post-173","page","type-page","status-publish"],"_links":{"self":[{"href":"https:\/\/api25.fr\/index.php\/wp-json\/wp\/v2\/pages\/173","targetHints":{"allow":["GET"]}}],"collection":[{"href":"https:\/\/api25.fr\/index.php\/wp-json\/wp\/v2\/pages"}],"about":[{"href":"https:\/\/api25.fr\/index.php\/wp-json\/wp\/v2\/types\/page"}],"author":[{"embeddable":true,"href":"https:\/\/api25.fr\/index.php\/wp-json\/wp\/v2\/users\/1"}],"replies":[{"embeddable":true,"href":"https:\/\/api25.fr\/index.php\/wp-json\/wp\/v2\/comments?post=173"}],"version-history":[{"count":78,"href":"https:\/\/api25.fr\/index.php\/wp-json\/wp\/v2\/pages\/173\/revisions"}],"predecessor-version":[{"id":1799,"href":"https:\/\/api25.fr\/index.php\/wp-json\/wp\/v2\/pages\/173\/revisions\/1799"}],"up":[{"embeddable":true,"href":"https:\/\/api25.fr\/index.php\/wp-json\/wp\/v2\/pages\/59"}],"wp:attachment":[{"href":"https:\/\/api25.fr\/index.php\/wp-json\/wp\/v2\/media?parent=173"}],"wp:term":[{"taxonomy":"folder","embeddable":true,"href":"https:\/\/api25.fr\/index.php\/wp-json\/wp\/v2\/folder?post=173"}],"curies":[{"name":"wp","href":"https:\/\/api.w.org\/{rel}","templated":true}]}}