{"id":180,"date":"2022-11-04T14:54:20","date_gmt":"2022-11-04T13:54:20","guid":{"rendered":"http:\/\/api25.fr\/?page_id=180"},"modified":"2023-04-20T13:26:57","modified_gmt":"2023-04-20T11:26:57","slug":"historique","status":"publish","type":"page","link":"https:\/\/api25.fr\/index.php\/association\/historique\/","title":{"rendered":"Historique"},"content":{"rendered":"\t\t<div data-elementor-type=\"wp-page\" data-elementor-id=\"180\" class=\"elementor elementor-180\">\n\t\t\t\t\t\t<section class=\"elementor-section elementor-top-section elementor-element elementor-element-f1f0979 elementor-section-boxed elementor-section-height-default elementor-section-height-default\" data-id=\"f1f0979\" data-element_type=\"section\">\n\t\t\t\t\t\t<div class=\"elementor-container elementor-column-gap-default\">\n\t\t\t\t\t<div class=\"elementor-column elementor-col-100 elementor-top-column elementor-element elementor-element-be8f580\" data-id=\"be8f580\" data-element_type=\"column\">\n\t\t\t<div class=\"elementor-widget-wrap elementor-element-populated\">\n\t\t\t\t\t\t<div class=\"elementor-element elementor-element-231411a elementor-widget__width-auto elementor-widget elementor-widget-heading\" data-id=\"231411a\" data-element_type=\"widget\" data-widget_type=\"heading.default\">\n\t\t\t\t<div class=\"elementor-widget-container\">\n\t\t\t\t\t<h1 class=\"elementor-heading-title elementor-size-default\">Historique de l'association<\/h1>\t\t\t\t<\/div>\n\t\t\t\t<\/div>\n\t\t\t\t\t<\/div>\n\t\t<\/div>\n\t\t\t\t\t<\/div>\n\t\t<\/section>\n\t\t\t\t<section class=\"elementor-section elementor-top-section elementor-element elementor-element-c6b547e elementor-section-boxed elementor-section-height-default elementor-section-height-default\" data-id=\"c6b547e\" data-element_type=\"section\">\n\t\t\t\t\t\t<div class=\"elementor-container elementor-column-gap-default\">\n\t\t\t\t\t<div class=\"elementor-column elementor-col-100 elementor-top-column elementor-element elementor-element-c080f0b\" data-id=\"c080f0b\" data-element_type=\"column\">\n\t\t\t<div class=\"elementor-widget-wrap elementor-element-populated\">\n\t\t\t\t\t\t<div class=\"elementor-element elementor-element-3ee8eeb elementor-widget elementor-widget-text-editor\" data-id=\"3ee8eeb\" data-element_type=\"widget\" data-widget_type=\"text-editor.default\">\n\t\t\t\t<div class=\"elementor-widget-container\">\n\t\t\t\t\t\t\t\t\t<p><span style=\"font-weight: bold;\">21 mai 2012<\/span><\/p>\n<p>D\u00e9marrage d\u2019API25 : Deux \u00e9quipes de neuf personnes en insertion, l\u2019une \u00e0 Besan\u00e7on et l\u2019autre \u00e0 Pontarlier.<\/p>\t\t\t\t\t\t\t\t<\/div>\n\t\t\t\t<\/div>\n\t\t\t\t\t<\/div>\n\t\t<\/div>\n\t\t\t\t\t<\/div>\n\t\t<\/section>\n\t\t\t\t<section class=\"elementor-section elementor-top-section elementor-element elementor-element-4469442 elementor-section-boxed elementor-section-height-default elementor-section-height-default\" data-id=\"4469442\" data-element_type=\"section\">\n\t\t\t\t\t\t<div class=\"elementor-container elementor-column-gap-default\">\n\t\t\t\t\t<div class=\"elementor-column elementor-col-100 elementor-top-column elementor-element elementor-element-f88da95\" data-id=\"f88da95\" data-element_type=\"column\">\n\t\t\t<div class=\"elementor-widget-wrap elementor-element-populated\">\n\t\t\t\t\t\t<div class=\"elementor-element elementor-element-b92be58 elementor-widget elementor-widget-text-editor\" data-id=\"b92be58\" data-element_type=\"widget\" data-widget_type=\"text-editor.default\">\n\t\t\t\t<div class=\"elementor-widget-container\">\n\t\t\t\t\t\t\t\t\t<p><span style=\"font-weight: bold;\">Avril 2013<\/span><\/p>\n<p>Cr\u00e9ation de la troisi\u00e8me \u00e9quipe \u00e0 Besan\u00e7on.&nbsp;<\/p>\t\t\t\t\t\t\t\t<\/div>\n\t\t\t\t<\/div>\n\t\t\t\t\t<\/div>\n\t\t<\/div>\n\t\t\t\t\t<\/div>\n\t\t<\/section>\n\t\t\t\t<section class=\"elementor-section elementor-top-section elementor-element elementor-element-c0930d2 elementor-section-boxed elementor-section-height-default elementor-section-height-default\" data-id=\"c0930d2\" data-element_type=\"section\">\n\t\t\t\t\t\t<div class=\"elementor-container elementor-column-gap-default\">\n\t\t\t\t\t<div class=\"elementor-column elementor-col-100 elementor-top-column elementor-element elementor-element-c81d3ac\" data-id=\"c81d3ac\" data-element_type=\"column\">\n\t\t\t<div class=\"elementor-widget-wrap elementor-element-populated\">\n\t\t\t\t\t\t<div class=\"elementor-element elementor-element-7410c0b elementor-widget elementor-widget-text-editor\" data-id=\"7410c0b\" data-element_type=\"widget\" data-widget_type=\"text-editor.default\">\n\t\t\t\t<div class=\"elementor-widget-container\">\n\t\t\t\t\t\t\t\t\t<p><span style=\"font-weight: bold;\">Avril 2014<\/span><\/p>\n<p>Cr\u00e9ation de la quatri\u00e8me \u00e9quipe \u00e0 Pontarlier. Recrutement d\u2019un encadrant technique tailleur de pierres.<\/p>\t\t\t\t\t\t\t\t<\/div>\n\t\t\t\t<\/div>\n\t\t\t\t\t<\/div>\n\t\t<\/div>\n\t\t\t\t\t<\/div>\n\t\t<\/section>\n\t\t\t\t<section class=\"elementor-section elementor-top-section elementor-element elementor-element-010aaae elementor-section-boxed elementor-section-height-default elementor-section-height-default\" data-id=\"010aaae\" data-element_type=\"section\">\n\t\t\t\t\t\t<div class=\"elementor-container elementor-column-gap-default\">\n\t\t\t\t\t<div class=\"elementor-column elementor-col-100 elementor-top-column elementor-element elementor-element-36b5501\" data-id=\"36b5501\" data-element_type=\"column\">\n\t\t\t<div class=\"elementor-widget-wrap elementor-element-populated\">\n\t\t\t\t\t\t<div class=\"elementor-element elementor-element-860ed24 elementor-widget elementor-widget-text-editor\" data-id=\"860ed24\" data-element_type=\"widget\" data-widget_type=\"text-editor.default\">\n\t\t\t\t<div class=\"elementor-widget-container\">\n\t\t\t\t\t\t\t\t\t<p><span style=\"font-weight: bold;\">Septembre 2016<\/span><\/p>\n<p>Cr\u00e9ation d\u2019une cinqui\u00e8me \u00e9quipe \u00e0 Ornans<\/p>\t\t\t\t\t\t\t\t<\/div>\n\t\t\t\t<\/div>\n\t\t\t\t\t<\/div>\n\t\t<\/div>\n\t\t\t\t\t<\/div>\n\t\t<\/section>\n\t\t\t\t<section class=\"elementor-section elementor-top-section elementor-element elementor-element-ae1d2b9 elementor-section-boxed elementor-section-height-default elementor-section-height-default\" data-id=\"ae1d2b9\" data-element_type=\"section\">\n\t\t\t\t\t\t<div class=\"elementor-container elementor-column-gap-default\">\n\t\t\t\t\t<div class=\"elementor-column elementor-col-100 elementor-top-column elementor-element elementor-element-b56c5e2\" data-id=\"b56c5e2\" data-element_type=\"column\">\n\t\t\t<div class=\"elementor-widget-wrap elementor-element-populated\">\n\t\t\t\t\t\t<div class=\"elementor-element elementor-element-63fbf27 elementor-widget elementor-widget-text-editor\" data-id=\"63fbf27\" data-element_type=\"widget\" data-widget_type=\"text-editor.default\">\n\t\t\t\t<div class=\"elementor-widget-container\">\n\t\t\t\t\t\t\t\t\t<p><strong>D\u00e9cembre 2016<\/strong><\/p>\n<p>Recrutement d\u2019un encadrant technique charpentier.<\/p>\t\t\t\t\t\t\t\t<\/div>\n\t\t\t\t<\/div>\n\t\t\t\t\t<\/div>\n\t\t<\/div>\n\t\t\t\t\t<\/div>\n\t\t<\/section>\n\t\t\t\t<\/div>\n\t\t","protected":false},"excerpt":{"rendered":"<p>Historique de l&rsquo;association 21 mai 2012 D\u00e9marrage d\u2019API25 : Deux \u00e9quipes de neuf personnes en insertion, l\u2019une \u00e0 Besan\u00e7on et l\u2019autre \u00e0 Pontarlier. Avril 2013 Cr\u00e9ation de la troisi\u00e8me \u00e9quipe \u00e0 Besan\u00e7on.&nbsp; Avril 2014 Cr\u00e9ation de la quatri\u00e8me \u00e9quipe \u00e0 Pontarlier. Recrutement d\u2019un encadrant technique tailleur de pierres. Septembre 2016 Cr\u00e9ation d\u2019une cinqui\u00e8me \u00e9quipe \u00e0 &#8230; <a title=\"Historique\" class=\"read-more\" href=\"https:\/\/api25.fr\/index.php\/association\/historique\/\" aria-label=\"En savoir plus sur Historique\">Lire la suite<\/a><\/p>\n","protected":false},"author":1,"featured_media":0,"parent":59,"menu_order":3,"comment_status":"closed","ping_status":"closed","template":"","meta":{"footnotes":""},"folder":[17],"class_list":["post-180","page","type-page","status-publish"],"_links":{"self":[{"href":"https:\/\/api25.fr\/index.php\/wp-json\/wp\/v2\/pages\/180","targetHints":{"allow":["GET"]}}],"collection":[{"href":"https:\/\/api25.fr\/index.php\/wp-json\/wp\/v2\/pages"}],"about":[{"href":"https:\/\/api25.fr\/index.php\/wp-json\/wp\/v2\/types\/page"}],"author":[{"embeddable":true,"href":"https:\/\/api25.fr\/index.php\/wp-json\/wp\/v2\/users\/1"}],"replies":[{"embeddable":true,"href":"https:\/\/api25.fr\/index.php\/wp-json\/wp\/v2\/comments?post=180"}],"version-history":[{"count":25,"href":"https:\/\/api25.fr\/index.php\/wp-json\/wp\/v2\/pages\/180\/revisions"}],"predecessor-version":[{"id":1802,"href":"https:\/\/api25.fr\/index.php\/wp-json\/wp\/v2\/pages\/180\/revisions\/1802"}],"up":[{"embeddable":true,"href":"https:\/\/api25.fr\/index.php\/wp-json\/wp\/v2\/pages\/59"}],"wp:attachment":[{"href":"https:\/\/api25.fr\/index.php\/wp-json\/wp\/v2\/media?parent=180"}],"wp:term":[{"taxonomy":"folder","embeddable":true,"href":"https:\/\/api25.fr\/index.php\/wp-json\/wp\/v2\/folder?post=180"}],"curies":[{"name":"wp","href":"https:\/\/api.w.org\/{rel}","templated":true}]}}