{"id":194,"date":"2022-11-04T15:00:29","date_gmt":"2022-11-04T14:00:29","guid":{"rendered":"http:\/\/api25.fr\/?page_id=194"},"modified":"2025-07-25T11:38:23","modified_gmt":"2025-07-25T09:38:23","slug":"contrat-a-duree-determinee-dinsertion-cddi","status":"publish","type":"page","link":"https:\/\/api25.fr\/index.php\/employeurs-demandeurs-demploi\/contrat-a-duree-determinee-dinsertion-cddi\/","title":{"rendered":"Contrat \u00e0 Dur\u00e9e D\u00e9termin\u00e9e d&rsquo;Insertion (CDDI)"},"content":{"rendered":"\t\t<div data-elementor-type=\"wp-page\" data-elementor-id=\"194\" class=\"elementor elementor-194\">\n\t\t\t\t\t\t<section class=\"elementor-section elementor-top-section elementor-element elementor-element-a8efc5d elementor-section-boxed elementor-section-height-default elementor-section-height-default\" data-id=\"a8efc5d\" data-element_type=\"section\" data-settings=\"{&quot;background_background&quot;:&quot;classic&quot;}\">\n\t\t\t\t\t\t<div class=\"elementor-container elementor-column-gap-default\">\n\t\t\t\t\t<div class=\"elementor-column elementor-col-100 elementor-top-column elementor-element elementor-element-61ff32e\" data-id=\"61ff32e\" data-element_type=\"column\">\n\t\t\t<div class=\"elementor-widget-wrap elementor-element-populated\">\n\t\t\t\t\t\t<div class=\"elementor-element elementor-element-1c3f1fa elementor-widget__width-inherit elementor-widget elementor-widget-heading\" data-id=\"1c3f1fa\" data-element_type=\"widget\" data-widget_type=\"heading.default\">\n\t\t\t\t<div class=\"elementor-widget-container\">\n\t\t\t\t\t<h1 class=\"elementor-heading-title elementor-size-default\">Contrat \u00e0 Dur\u00e9e D\u00e9termin\u00e9e d'Insertion (CDDI)<\/h1>\t\t\t\t<\/div>\n\t\t\t\t<\/div>\n\t\t\t\t\t<\/div>\n\t\t<\/div>\n\t\t\t\t\t<\/div>\n\t\t<\/section>\n\t\t\t\t<section class=\"elementor-section elementor-top-section elementor-element elementor-element-a3aa6d3 elementor-section-boxed elementor-section-height-default elementor-section-height-default\" data-id=\"a3aa6d3\" data-element_type=\"section\" data-settings=\"{&quot;background_background&quot;:&quot;classic&quot;}\">\n\t\t\t\t\t\t<div class=\"elementor-container elementor-column-gap-default\">\n\t\t\t\t\t<div class=\"elementor-column elementor-col-50 elementor-top-column elementor-element elementor-element-435d36e\" data-id=\"435d36e\" data-element_type=\"column\">\n\t\t\t<div class=\"elementor-widget-wrap elementor-element-populated\">\n\t\t\t\t\t\t<div class=\"elementor-element elementor-element-6355cb0 elementor-widget elementor-widget-text-editor\" data-id=\"6355cb0\" data-element_type=\"widget\" data-widget_type=\"text-editor.default\">\n\t\t\t\t<div class=\"elementor-widget-container\">\n\t\t\t\t\t\t\t\t\t<p dir=\"ltr\" style=\"line-height: 1.38; margin-top: 0pt; margin-bottom: 0pt;\"><span style=\"font-size: 12pt; font-family: Arial; color: #000000; background-color: transparent; font-weight: 400; font-style: normal; font-variant: normal; text-decoration: none; vertical-align: baseline; white-space: pre-wrap;\">Pendant son passage \u00e0 l\u2019API&nbsp; 25, le salari\u00e9 va pouvoir apprendre les r\u00e8gles du travail en entreprise et en \u00e9quipe, acqu\u00e9rir une exp\u00e9rience professionnelle et r\u00e9fl\u00e9chir \u00e0 un projet professionnel ou une formation. Son encadrant et son accompagnant socioprofessionnel seront ses deux interlocuteurs privil\u00e9gi\u00e9s.<\/span><\/p>\n<p dir=\"ltr\" style=\"line-height: 1.38; margin-top: 0pt; margin-bottom: 0pt;\"><span style=\"font-size: 12pt; font-family: Arial; color: #000000; background-color: transparent; font-weight: 400; font-style: normal; font-variant: normal; text-decoration: none; vertical-align: baseline; white-space: pre-wrap;\">Des formations sont aussi r\u00e9guli\u00e8rement propos\u00e9es, parmi lesquelles le montage d\u2019\u00e9chafaudages, la formation de sauveteur secouriste au travail ou encore la formation de gestes et postures. Au cas par cas, en fonction des moyens et de la pertinence au regard du projet, le salari\u00e9 peut \u00e9mettre le souhait d\u2019une formation individuelle sp\u00e9cifique.<\/span><\/p>\n<p dir=\"ltr\" style=\"line-height: 1.38; margin-top: 0pt; margin-bottom: 0pt;\"><span style=\"font-size: 12pt; font-family: Arial; color: #000000; background-color: transparent; font-weight: 400; font-style: normal; font-variant: normal; text-decoration: none; vertical-align: baseline; white-space: pre-wrap;\">&nbsp;<\/span><\/p>\n<p dir=\"ltr\" style=\"line-height: 1.38; margin-top: 0pt; margin-bottom: 0pt;\"><span style=\"font-size: 12pt; font-family: Arial; color: #000000; background-color: transparent; font-weight: bold; font-style: normal; font-variant: normal; text-decoration: none; vertical-align: baseline; white-space: pre-wrap;\">Signature du contrat<\/span><\/p>\n<p dir=\"ltr\" style=\"line-height: 1.38; margin-top: 0pt; margin-bottom: 0pt;\"><span style=\"font-size: 12pt; font-family: Arial; color: #000000; background-color: transparent; font-weight: bold; font-style: normal; font-variant: normal; text-decoration: none; vertical-align: baseline; white-space: pre-wrap;\">&nbsp;<\/span><\/p>\n<p dir=\"ltr\" style=\"line-height: 1.38; margin-top: 0pt; margin-bottom: 0pt;\"><span style=\"font-size: 12pt; font-family: Arial; color: #000000; background-color: transparent; font-weight: 400; font-style: normal; font-variant: normal; text-decoration: none; vertical-align: baseline; white-space: pre-wrap;\">Le salari\u00e9 signe un contrat de six mois pour un temps de travail de 24h par semaine (3 journ\u00e9es de 8 h). Ce contrat est renouvelable jusqu&rsquo;\u00e0 3 fois.<\/span><\/p>\n<p dir=\"ltr\" style=\"line-height: 1.38; margin-top: 0pt; margin-bottom: 0pt;\"><span style=\"font-size: 12pt; font-family: Arial; color: #000000; background-color: transparent; font-weight: 400; font-style: normal; font-variant: normal; text-decoration: none; vertical-align: baseline; white-space: pre-wrap;\">&nbsp;<\/span><\/p>\n<p dir=\"ltr\" style=\"line-height: 1.38; margin-top: 0pt; margin-bottom: 0pt;\"><span style=\"font-size: 12pt; font-family: Arial; color: #000000; background-color: transparent; font-weight: bold; font-style: normal; font-variant: normal; text-decoration: none; vertical-align: baseline; white-space: pre-wrap;\">Renouvellement<\/span><\/p>\n<p dir=\"ltr\" style=\"line-height: 1.38; margin-top: 0pt; margin-bottom: 0pt;\"><span style=\"font-size: 12pt; font-family: Arial; color: #000000; background-color: transparent; font-weight: bold; font-style: normal; font-variant: normal; text-decoration: none; vertical-align: baseline; white-space: pre-wrap;\">&nbsp;<\/span><\/p>\n<p dir=\"ltr\" style=\"line-height: 1.38; margin-top: 0pt; margin-bottom: 0pt;\"><span style=\"font-size: 12pt; font-family: Arial; color: #000000; background-color: transparent; font-weight: 400; font-style: normal; font-variant: normal; text-decoration: none; vertical-align: baseline; white-space: pre-wrap;\">Tous les 6 mois, l&rsquo;\u00e9quipe d&rsquo;API 25 et le salari\u00e9 se r\u00e9unissent pour faire le point sur sa situation et \u00e9tudier l&rsquo;opportunit\u00e9 d&rsquo;un renouvellement en fonction de son assiduit\u00e9, son comportement sur le chantier et de son implication dans le parcours d&rsquo;insertion et de l&rsquo;atteinte ou non des objectifs fix\u00e9s.<\/span><\/p>\n<p dir=\"ltr\" style=\"line-height: 1.38; margin-top: 0pt; margin-bottom: 0pt;\"><span style=\"font-size: 12pt; font-family: Arial; color: #000000; background-color: transparent; font-weight: 400; font-style: normal; font-variant: normal; text-decoration: none; vertical-align: baseline; white-space: pre-wrap;\">&nbsp;<\/span><\/p>\n<p dir=\"ltr\" style=\"line-height: 1.38; margin-top: 0pt; margin-bottom: 0pt;\"><span style=\"font-size: 12pt; font-family: Arial; color: #000000; background-color: transparent; font-weight: bold; font-style: normal; font-variant: normal; text-decoration: none; vertical-align: baseline; white-space: pre-wrap;\">R\u00e9mun\u00e9ration<\/span><\/p>\n<p dir=\"ltr\" style=\"line-height: 1.38; margin-top: 0pt; margin-bottom: 0pt;\"><span style=\"font-size: 12pt; font-family: Arial; color: #000000; background-color: transparent; font-weight: bold; font-style: normal; font-variant: normal; text-decoration: none; vertical-align: baseline; white-space: pre-wrap;\">&nbsp;<\/span><\/p>\n<p dir=\"ltr\" style=\"line-height: 1.38; margin-top: 0pt; margin-bottom: 0pt;\"><span style=\"font-size: 12pt; font-family: Arial; color: #000000; background-color: transparent; font-weight: 400; font-style: normal; font-variant: normal; text-decoration: none; vertical-align: baseline; white-space: pre-wrap;\">Il est r\u00e9mun\u00e9r\u00e9 au SMIC et une prime de panier de 6 \u20ac est vers\u00e9e par jour travaill\u00e9. <\/span><\/p>\n<p><!-- \/wp:paragraph --><\/p>\t\t\t\t\t\t\t\t<\/div>\n\t\t\t\t<\/div>\n\t\t\t\t\t<\/div>\n\t\t<\/div>\n\t\t\t\t<div class=\"elementor-column elementor-col-50 elementor-top-column elementor-element elementor-element-9e040f7\" data-id=\"9e040f7\" data-element_type=\"column\">\n\t\t\t<div class=\"elementor-widget-wrap elementor-element-populated\">\n\t\t\t\t\t\t<div class=\"elementor-element elementor-element-eada442 elementor-widget__width-inherit e-transform elementor-widget elementor-widget-image\" data-id=\"eada442\" data-element_type=\"widget\" data-settings=\"{&quot;_transform_translateX_effect&quot;:{&quot;unit&quot;:&quot;px&quot;,&quot;size&quot;:0,&quot;sizes&quot;:[]},&quot;_transform_translateX_effect_tablet&quot;:{&quot;unit&quot;:&quot;px&quot;,&quot;size&quot;:&quot;&quot;,&quot;sizes&quot;:[]},&quot;_transform_translateX_effect_mobile&quot;:{&quot;unit&quot;:&quot;px&quot;,&quot;size&quot;:&quot;&quot;,&quot;sizes&quot;:[]},&quot;_transform_translateY_effect&quot;:{&quot;unit&quot;:&quot;px&quot;,&quot;size&quot;:&quot;&quot;,&quot;sizes&quot;:[]},&quot;_transform_translateY_effect_tablet&quot;:{&quot;unit&quot;:&quot;px&quot;,&quot;size&quot;:&quot;&quot;,&quot;sizes&quot;:[]},&quot;_transform_translateY_effect_mobile&quot;:{&quot;unit&quot;:&quot;px&quot;,&quot;size&quot;:&quot;&quot;,&quot;sizes&quot;:[]}}\" data-widget_type=\"image.default\">\n\t\t\t\t<div class=\"elementor-widget-container\">\n\t\t\t\t\t\t\t\t\t\t\t\t\t\t\t<img fetchpriority=\"high\" decoding=\"async\" width=\"1707\" height=\"2560\" src=\"https:\/\/api25.fr\/wp-content\/uploads\/2023\/04\/contrat-scaled.jpg\" class=\"attachment-full size-full wp-image-1827\" alt=\"\" srcset=\"https:\/\/api25.fr\/wp-content\/uploads\/2023\/04\/contrat-scaled.jpg 1707w, https:\/\/api25.fr\/wp-content\/uploads\/2023\/04\/contrat-200x300.jpg 200w, https:\/\/api25.fr\/wp-content\/uploads\/2023\/04\/contrat-683x1024.jpg 683w, https:\/\/api25.fr\/wp-content\/uploads\/2023\/04\/contrat-768x1152.jpg 768w, https:\/\/api25.fr\/wp-content\/uploads\/2023\/04\/contrat-1024x1536.jpg 1024w, https:\/\/api25.fr\/wp-content\/uploads\/2023\/04\/contrat-1365x2048.jpg 1365w\" sizes=\"(max-width: 1707px) 100vw, 1707px\" \/>\t\t\t\t\t\t\t\t\t\t\t\t\t\t\t<\/div>\n\t\t\t\t<\/div>\n\t\t\t\t\t<\/div>\n\t\t<\/div>\n\t\t\t\t\t<\/div>\n\t\t<\/section>\n\t\t\t\t<\/div>\n\t\t","protected":false},"excerpt":{"rendered":"<p>Contrat \u00e0 Dur\u00e9e D\u00e9termin\u00e9e d&rsquo;Insertion (CDDI) Pendant son passage \u00e0 l\u2019API&nbsp; 25, le salari\u00e9 va pouvoir apprendre les r\u00e8gles du travail en entreprise et en \u00e9quipe, acqu\u00e9rir une exp\u00e9rience professionnelle et r\u00e9fl\u00e9chir \u00e0 un projet professionnel ou une formation. Son encadrant et son accompagnant socioprofessionnel seront ses deux interlocuteurs privil\u00e9gi\u00e9s. Des formations sont aussi r\u00e9guli\u00e8rement &#8230; <a title=\"Contrat \u00e0 Dur\u00e9e D\u00e9termin\u00e9e d&rsquo;Insertion (CDDI)\" class=\"read-more\" href=\"https:\/\/api25.fr\/index.php\/employeurs-demandeurs-demploi\/contrat-a-duree-determinee-dinsertion-cddi\/\" aria-label=\"En savoir plus sur Contrat \u00e0 Dur\u00e9e D\u00e9termin\u00e9e d&rsquo;Insertion (CDDI)\">Lire la suite<\/a><\/p>\n","protected":false},"author":1,"featured_media":0,"parent":62,"menu_order":4,"comment_status":"closed","ping_status":"closed","template":"","meta":{"footnotes":""},"folder":[18],"class_list":["post-194","page","type-page","status-publish"],"_links":{"self":[{"href":"https:\/\/api25.fr\/index.php\/wp-json\/wp\/v2\/pages\/194","targetHints":{"allow":["GET"]}}],"collection":[{"href":"https:\/\/api25.fr\/index.php\/wp-json\/wp\/v2\/pages"}],"about":[{"href":"https:\/\/api25.fr\/index.php\/wp-json\/wp\/v2\/types\/page"}],"author":[{"embeddable":true,"href":"https:\/\/api25.fr\/index.php\/wp-json\/wp\/v2\/users\/1"}],"replies":[{"embeddable":true,"href":"https:\/\/api25.fr\/index.php\/wp-json\/wp\/v2\/comments?post=194"}],"version-history":[{"count":17,"href":"https:\/\/api25.fr\/index.php\/wp-json\/wp\/v2\/pages\/194\/revisions"}],"predecessor-version":[{"id":2478,"href":"https:\/\/api25.fr\/index.php\/wp-json\/wp\/v2\/pages\/194\/revisions\/2478"}],"up":[{"embeddable":true,"href":"https:\/\/api25.fr\/index.php\/wp-json\/wp\/v2\/pages\/62"}],"wp:attachment":[{"href":"https:\/\/api25.fr\/index.php\/wp-json\/wp\/v2\/media?parent=194"}],"wp:term":[{"taxonomy":"folder","embeddable":true,"href":"https:\/\/api25.fr\/index.php\/wp-json\/wp\/v2\/folder?post=194"}],"curies":[{"name":"wp","href":"https:\/\/api.w.org\/{rel}","templated":true}]}}