{"id":196,"date":"2022-11-04T15:00:58","date_gmt":"2022-11-04T14:00:58","guid":{"rendered":"http:\/\/api25.fr\/?page_id=196"},"modified":"2023-04-20T16:29:08","modified_gmt":"2023-04-20T14:29:08","slug":"domaines-de-competences","status":"publish","type":"page","link":"https:\/\/api25.fr\/index.php\/nos-savoir-faire\/domaines-de-competences\/","title":{"rendered":"Domaines de comp\u00e9tences"},"content":{"rendered":"\t\t<div data-elementor-type=\"wp-page\" data-elementor-id=\"196\" class=\"elementor elementor-196\">\n\t\t\t\t\t\t<section class=\"elementor-section elementor-top-section elementor-element elementor-element-bbb1397 elementor-section-boxed elementor-section-height-default elementor-section-height-default\" data-id=\"bbb1397\" data-element_type=\"section\" data-settings=\"{&quot;background_background&quot;:&quot;classic&quot;}\">\n\t\t\t\t\t\t<div class=\"elementor-container elementor-column-gap-default\">\n\t\t\t\t\t<div class=\"elementor-column elementor-col-100 elementor-top-column elementor-element elementor-element-ef74aa0\" data-id=\"ef74aa0\" data-element_type=\"column\">\n\t\t\t<div class=\"elementor-widget-wrap elementor-element-populated\">\n\t\t\t\t\t\t<div class=\"elementor-element elementor-element-41b8c82 elementor-widget__width-inherit elementor-widget elementor-widget-heading\" data-id=\"41b8c82\" data-element_type=\"widget\" data-widget_type=\"heading.default\">\n\t\t\t\t<div class=\"elementor-widget-container\">\n\t\t\t\t\t<h1 class=\"elementor-heading-title elementor-size-default\">Domaines de comp\u00e9tences<\/h1>\t\t\t\t<\/div>\n\t\t\t\t<\/div>\n\t\t\t\t\t<\/div>\n\t\t<\/div>\n\t\t\t\t\t<\/div>\n\t\t<\/section>\n\t\t\t\t<section class=\"elementor-section elementor-top-section elementor-element elementor-element-b953f54 elementor-section-boxed elementor-section-height-default elementor-section-height-default\" data-id=\"b953f54\" data-element_type=\"section\" data-settings=\"{&quot;background_background&quot;:&quot;classic&quot;}\">\n\t\t\t\t\t\t<div class=\"elementor-container elementor-column-gap-default\">\n\t\t\t\t\t<div class=\"elementor-column elementor-col-100 elementor-top-column elementor-element elementor-element-f628ace\" data-id=\"f628ace\" data-element_type=\"column\">\n\t\t\t<div class=\"elementor-widget-wrap elementor-element-populated\">\n\t\t\t\t\t\t<div class=\"elementor-element elementor-element-1f1a28f elementor-widget elementor-widget-text-editor\" data-id=\"1f1a28f\" data-element_type=\"widget\" data-widget_type=\"text-editor.default\">\n\t\t\t\t<div class=\"elementor-widget-container\">\n\t\t\t\t\t\t\t\t\t<p><span style=\"text-decoration: underline;\"><strong>Ma\u00e7onnerie traditionnelle<\/strong><\/span><\/p><p class=\"elementor-icon-box-title\">API 25 est avant tout sp\u00e9cialis\u00e9e dans la pierre ( hourd\u00e9e et s\u00e8che ), par cons\u00e9quent, nos \u00e9quipes interviennent beaucoup sur des chantiers de r\u00e9novation, entretien, consolidation de patrimoine, mais nous r\u00e9alisons aussi de la construction neuve en pierre. La pr\u00e9sence d\u2019un charpentier parmi nos chefs d\u2019\u00e9quipes nous permet aussi d\u2019intervenir sur des ouvrages dot\u00e9s d\u2019une toiture.<\/p><p class=\"elementor-icon-box-title\"><strong><em>Pierre s\u00e8che:<\/em><\/strong> cabordes, murgets, autres \u00e9l\u00e9ments de petit patrimoine vernaculaire.<\/p><p class=\"elementor-icon-box-title\"><strong><em>Pierres hourd\u00e9es:<\/em><\/strong> murs d\u2019enceinte, garde corps, mais aussi murs de 20 \u00e0 30 m\u00e8tres de haut ; pavage, restauration de fontaines, lavoirs et puits ; cr\u00e9ation de portes et fen\u00eatres int\u00e9rieures dans des murs en pierres.<\/p><p class=\"elementor-icon-box-title\"><strong><em>Pierre de parement:<\/em><\/strong> g\u00e9n\u00e9ralement dans des endroits contraignants en termes de stabilit\u00e9. Murets, murs de sout\u00e8nement avec socle en b\u00e9ton arm\u00e9<\/p><p>\u00a0<\/p><p class=\"elementor-icon-box-title\"><span style=\"text-decoration: underline;\"><strong>Am\u00e9nagement paysager et les espaces verts<\/strong><\/span><\/p><p class=\"elementor-icon-box-title\">Nous intervenons aussi sur des op\u00e9rations d\u2019am\u00e9nagements d\u2019espaces ext\u00e9rieurs (terrasses, escaliers, garde-corps ) et des sentiers de randonn\u00e9es. Nos \u00e9quipes sont dot\u00e9es du mat\u00e9riel n\u00e9cessaire pour r\u00e9aliser des travaux d\u2019entretiens d\u2019espaces verts.<\/p><p><em><b>Entretien et am\u00e9nagement de sentiers de randonn\u00e9e<\/b> :<\/em> balisage, signal\u00e9tique, terrassement et stabilisation, d\u00e9gagement, escaliers, pose de cl\u00f4tures et garde-corps<b><\/b><\/p><p><em><b>Am\u00e9nagement paysager d\u2019espaces ext\u00e9rieurs<\/b>:<\/em> terrasses, planchers, garde corps, jardini\u00e8res, rampe PMR, pose de bancs, plantations.<\/p><p><em><b>Traitement non chimiques des plantes invasives<\/b> :<\/em> renou\u00e9e du Japon, ailante\u2026<\/p><p>\u00a0<\/p><p class=\"elementor-icon-box-description\"><span style=\"text-decoration: underline;\"><strong>Travaux divers<\/strong><\/span><\/p><p>D\u00e9molition de b\u00e2timent pour r\u00e9cup\u00e9ration des pierres (moellons et parement).<\/p><p>\u00a0<\/p><p><span style=\"text-decoration: underline;\"><strong>Nos chefs d&rsquo;\u00e9quipes<\/strong><\/span><\/p><p>Quatre de nos chefs d&rsquo;\u00e9quipes sont issus du milieu du b\u00e2timent et de la ma\u00e7onnerie traditionnelle o\u00f9 ils ont travaill\u00e9 de 10 \u00e0 40 ans. L\u2019un d\u2019eux est aussi sp\u00e9cialis\u00e9 dans les travaux paysagers gr\u00e2ce \u00e0 une formation et une exp\u00e9rience de 11 ans dans la gestion des milieux naturels et l\u2019am\u00e9nagement des milieux aquatiques.<\/p><p>Deux chefs sont tailleurs de pierres professionnels avec 10 et 30 ans de m\u00e9tier et sont r\u00e9guli\u00e8rement intervenus dans ce cadre sur des chantiers de restauration de b\u00e2timents historiques ou de b\u00e2timents neufs et anciens.<\/p><div class=\"elementor-column elementor-col-50 elementor-inner-column elementor-element elementor-element-762a0ff\" data-id=\"762a0ff\" data-element_type=\"column\" data-settings=\"{&quot;background_background&quot;:&quot;classic&quot;}\"><div class=\"elementor-widget-wrap elementor-element-populated\"><div class=\"elementor-element elementor-element-8362a64 elementor-view-default elementor-vertical-align-top elementor-widget elementor-widget-icon-box\" data-id=\"8362a64\" data-element_type=\"widget\" data-widget_type=\"icon-box.default\"><div class=\"elementor-widget-container\"><div class=\"elementor-icon-box-wrapper\"><div class=\"elementor-icon-box-content\">\u00a0<\/div><\/div><\/div><\/div><\/div><\/div>\t\t\t\t\t\t\t\t<\/div>\n\t\t\t\t<\/div>\n\t\t\t\t\t<\/div>\n\t\t<\/div>\n\t\t\t\t\t<\/div>\n\t\t<\/section>\n\t\t\t\t<\/div>\n\t\t","protected":false},"excerpt":{"rendered":"<p>Domaines de comp\u00e9tences Ma\u00e7onnerie traditionnelle API 25 est avant tout sp\u00e9cialis\u00e9e dans la pierre ( hourd\u00e9e et s\u00e8che ), par cons\u00e9quent, nos \u00e9quipes interviennent beaucoup sur des chantiers de r\u00e9novation, entretien, consolidation de patrimoine, mais nous r\u00e9alisons aussi de la construction neuve en pierre. La pr\u00e9sence d\u2019un charpentier parmi nos chefs d\u2019\u00e9quipes nous permet aussi &#8230; <a title=\"Domaines de comp\u00e9tences\" class=\"read-more\" href=\"https:\/\/api25.fr\/index.php\/nos-savoir-faire\/domaines-de-competences\/\" aria-label=\"En savoir plus sur Domaines de comp\u00e9tences\">Lire la suite<\/a><\/p>\n","protected":false},"author":1,"featured_media":0,"parent":65,"menu_order":1,"comment_status":"closed","ping_status":"closed","template":"","meta":{"footnotes":""},"folder":[19],"class_list":["post-196","page","type-page","status-publish"],"_links":{"self":[{"href":"https:\/\/api25.fr\/index.php\/wp-json\/wp\/v2\/pages\/196","targetHints":{"allow":["GET"]}}],"collection":[{"href":"https:\/\/api25.fr\/index.php\/wp-json\/wp\/v2\/pages"}],"about":[{"href":"https:\/\/api25.fr\/index.php\/wp-json\/wp\/v2\/types\/page"}],"author":[{"embeddable":true,"href":"https:\/\/api25.fr\/index.php\/wp-json\/wp\/v2\/users\/1"}],"replies":[{"embeddable":true,"href":"https:\/\/api25.fr\/index.php\/wp-json\/wp\/v2\/comments?post=196"}],"version-history":[{"count":14,"href":"https:\/\/api25.fr\/index.php\/wp-json\/wp\/v2\/pages\/196\/revisions"}],"predecessor-version":[{"id":1834,"href":"https:\/\/api25.fr\/index.php\/wp-json\/wp\/v2\/pages\/196\/revisions\/1834"}],"up":[{"embeddable":true,"href":"https:\/\/api25.fr\/index.php\/wp-json\/wp\/v2\/pages\/65"}],"wp:attachment":[{"href":"https:\/\/api25.fr\/index.php\/wp-json\/wp\/v2\/media?parent=196"}],"wp:term":[{"taxonomy":"folder","embeddable":true,"href":"https:\/\/api25.fr\/index.php\/wp-json\/wp\/v2\/folder?post=196"}],"curies":[{"name":"wp","href":"https:\/\/api.w.org\/{rel}","templated":true}]}}