{"id":200,"date":"2022-11-04T15:01:46","date_gmt":"2022-11-04T14:01:46","guid":{"rendered":"http:\/\/api25.fr\/?page_id=200"},"modified":"2023-04-20T16:30:41","modified_gmt":"2023-04-20T14:30:41","slug":"nos-garanties","status":"publish","type":"page","link":"https:\/\/api25.fr\/index.php\/nos-savoir-faire\/nos-garanties\/","title":{"rendered":"Nos garanties"},"content":{"rendered":"\t\t<div data-elementor-type=\"wp-page\" data-elementor-id=\"200\" class=\"elementor elementor-200\">\n\t\t\t\t\t\t<section class=\"elementor-section elementor-top-section elementor-element elementor-element-0cddb60 elementor-section-boxed elementor-section-height-default elementor-section-height-default\" data-id=\"0cddb60\" data-element_type=\"section\">\n\t\t\t\t\t\t<div class=\"elementor-container elementor-column-gap-default\">\n\t\t\t\t\t<div class=\"elementor-column elementor-col-50 elementor-top-column elementor-element elementor-element-92bdb41\" data-id=\"92bdb41\" data-element_type=\"column\">\n\t\t\t<div class=\"elementor-widget-wrap elementor-element-populated\">\n\t\t\t\t\t\t<div class=\"elementor-element elementor-element-bb7cd65 elementor-widget elementor-widget-text-editor\" data-id=\"bb7cd65\" data-element_type=\"widget\" data-widget_type=\"text-editor.default\">\n\t\t\t\t<div class=\"elementor-widget-container\">\n\t\t\t\t\t\t\t\t\t<p><b>Un travail de qualit\u00e9<\/b><\/p><p><span style=\"font-weight: 400;\">API 25 s\u2019engage \u00e0 r\u00e9aliser un travail professionnel, conforme aux exigences et aux souhaits du client. Chaque ouvrage est par ailleurs couvert par une assurance d\u00e9cennale qui garantit la reprise de l\u2019ouvrage dans le cas o\u00f9 il ne serait pas conforme \u00e0 ce qui a \u00e9t\u00e9 vendu par l\u2019association.<\/span><\/p>\t\t\t\t\t\t\t\t<\/div>\n\t\t\t\t<\/div>\n\t\t\t\t\t<\/div>\n\t\t<\/div>\n\t\t\t\t<div class=\"elementor-column elementor-col-50 elementor-top-column elementor-element elementor-element-e5fc91d\" data-id=\"e5fc91d\" data-element_type=\"column\">\n\t\t\t<div class=\"elementor-widget-wrap elementor-element-populated\">\n\t\t\t\t\t\t<div class=\"elementor-element elementor-element-5bd7628 elementor-widget elementor-widget-text-editor\" data-id=\"5bd7628\" data-element_type=\"widget\" data-widget_type=\"text-editor.default\">\n\t\t\t\t<div class=\"elementor-widget-container\">\n\t\t\t\t\t\t\t\t\t<p><b>Des chantiers s\u00e9curis\u00e9s<\/b><\/p><p><span style=\"font-weight: 400;\">API 25 dote tous ses salari\u00e9s du mat\u00e9riel de s\u00e9curit\u00e9 n\u00e9cessaire \u00e0 la r\u00e9alisation des chantiers. Certaines formations qu\u2019elles leur proposent sont aussi orient\u00e9es dans ce sens.<\/span><\/p>\t\t\t\t\t\t\t\t<\/div>\n\t\t\t\t<\/div>\n\t\t\t\t\t<\/div>\n\t\t<\/div>\n\t\t\t\t\t<\/div>\n\t\t<\/section>\n\t\t\t\t<section class=\"elementor-section elementor-top-section elementor-element elementor-element-677bb70 elementor-section-boxed elementor-section-height-default elementor-section-height-default\" data-id=\"677bb70\" data-element_type=\"section\">\n\t\t\t\t\t\t<div class=\"elementor-container elementor-column-gap-default\">\n\t\t\t\t\t<div class=\"elementor-column elementor-col-50 elementor-top-column elementor-element elementor-element-81a73fc\" data-id=\"81a73fc\" data-element_type=\"column\">\n\t\t\t<div class=\"elementor-widget-wrap elementor-element-populated\">\n\t\t\t\t\t\t<div class=\"elementor-element elementor-element-d4c66db elementor-widget elementor-widget-text-editor\" data-id=\"d4c66db\" data-element_type=\"widget\" data-widget_type=\"text-editor.default\">\n\t\t\t\t<div class=\"elementor-widget-container\">\n\t\t\t\t\t\t\t\t\t<p><b>Formation aux premiers secours, formation aux gestes et postures et formation au montage d\u2019\u00e9chafaudage<\/b><\/p><p><span style=\"font-weight: 400;\">Les formations que nous dispensons \u00e0 nos salari\u00e9s visent \u00e0 les responsabiliser et \u00e0 leur donner les moyens de se prot\u00e9ger sur chantier. Les chefs d\u2019\u00e9quipes sont aussi form\u00e9s \u00e0 la r\u00e9ception en conformit\u00e9 des \u00e9chafaudages, et le conducteur de travaux est form\u00e9 \u00e0 la conception d\u2019\u00e9chafaudage. Chaque chantier est aussi mis en s\u00e9curit\u00e9 pour prot\u00e9ger les usagers de l\u2019espace public : API 25 fournit \u00e0 ses \u00e9quipes selon les cas des filets pour les \u00e9chafaudages, des panneaux de signalisation, des barri\u00e8res de s\u00e9curit\u00e9.<\/span><\/p>\t\t\t\t\t\t\t\t<\/div>\n\t\t\t\t<\/div>\n\t\t\t\t\t<\/div>\n\t\t<\/div>\n\t\t\t\t<div class=\"elementor-column elementor-col-50 elementor-top-column elementor-element elementor-element-1b751a6\" data-id=\"1b751a6\" data-element_type=\"column\">\n\t\t\t<div class=\"elementor-widget-wrap elementor-element-populated\">\n\t\t\t\t\t\t<div class=\"elementor-element elementor-element-1cac372 elementor-widget elementor-widget-text-editor\" data-id=\"1cac372\" data-element_type=\"widget\" data-widget_type=\"text-editor.default\">\n\t\t\t\t<div class=\"elementor-widget-container\">\n\t\t\t\t\t\t\t\t\t<p><b>Des travaux respectueux de l\u2019environnement<\/b><\/p><p><span style=\"font-weight: 400;\">Chaque chantier est pr\u00e9c\u00e9d\u00e9 d\u2019une visite sur le lieu de l\u2019intervention, pour \u00e9valuer avec le client la m\u00e9thode d\u2019intervention la plus respectueuse du lieu. Selon le contexte, les \u00e9quipes adaptent alors leur m\u00e9thode de travail (par exemple, travail motoris\u00e9 ou manuel pour la fauche selon les esp\u00e8ces v\u00e9g\u00e9tales pr\u00e9sentes sur place). Apr\u00e8s le chantier, les chefs d\u2019\u00e9quipes veillent \u00e0 ce que l\u2019espace soit laiss\u00e9 dans un \u00e9tat de propret\u00e9 impeccable et pendant le chantier ils apprennent aux salari\u00e9s en insertion \u00e0 respecter leur lieu de travail.<\/span><\/p>\t\t\t\t\t\t\t\t<\/div>\n\t\t\t\t<\/div>\n\t\t\t\t\t<\/div>\n\t\t<\/div>\n\t\t\t\t\t<\/div>\n\t\t<\/section>\n\t\t\t\t<section class=\"elementor-section elementor-top-section elementor-element elementor-element-add75ea elementor-section-boxed elementor-section-height-default elementor-section-height-default\" data-id=\"add75ea\" data-element_type=\"section\">\n\t\t\t\t\t\t<div class=\"elementor-container elementor-column-gap-default\">\n\t\t\t\t\t<div class=\"elementor-column elementor-col-100 elementor-top-column elementor-element elementor-element-73baf37\" data-id=\"73baf37\" data-element_type=\"column\">\n\t\t\t<div class=\"elementor-widget-wrap elementor-element-populated\">\n\t\t\t\t\t\t<div class=\"elementor-element elementor-element-3a0c6d9 elementor-widget elementor-widget-text-editor\" data-id=\"3a0c6d9\" data-element_type=\"widget\" data-widget_type=\"text-editor.default\">\n\t\t\t\t<div class=\"elementor-widget-container\">\n\t\t\t\t\t\t\t\t\t<p><b>Un accompagnement permanent du client<\/b><\/p><p><span style=\"font-weight: 400;\">D\u00e8s le premier contact, le conducteur de chantier veille \u00e0 prendre en compte les souhaits du client afin de r\u00e9aliser un premier devis gratuit. En fonction des moyens et envies de ce dernier, il peut proposer des id\u00e9es pour \u00e9toffer le projet et donne dans tous les cas des conseils quant \u00e0 la faisabilit\u00e9 technique de l\u2019intervention. L\u2019\u00e9laboration puis la r\u00e9alisation du projet se font au travers d\u2019\u00e9changes r\u00e9guliers qui permettent au client de suivre l\u2019avancement des travaux et \u00e9ventuellement (quand la nature des travaux le permet) de red\u00e9finir au fur et \u00e0 mesure les travaux \u00e0 venir.<\/span><\/p>\t\t\t\t\t\t\t\t<\/div>\n\t\t\t\t<\/div>\n\t\t\t\t\t<\/div>\n\t\t<\/div>\n\t\t\t\t\t<\/div>\n\t\t<\/section>\n\t\t\t\t<\/div>\n\t\t","protected":false},"excerpt":{"rendered":"<p>Un travail de qualit\u00e9 API 25 s\u2019engage \u00e0 r\u00e9aliser un travail professionnel, conforme aux exigences et aux souhaits du client. Chaque ouvrage est par ailleurs couvert par une assurance d\u00e9cennale qui garantit la reprise de l\u2019ouvrage dans le cas o\u00f9 il ne serait pas conforme \u00e0 ce qui a \u00e9t\u00e9 vendu par l\u2019association. Des chantiers &#8230; <a title=\"Nos garanties\" class=\"read-more\" href=\"https:\/\/api25.fr\/index.php\/nos-savoir-faire\/nos-garanties\/\" aria-label=\"En savoir plus sur Nos garanties\">Lire la suite<\/a><\/p>\n","protected":false},"author":1,"featured_media":0,"parent":65,"menu_order":3,"comment_status":"closed","ping_status":"closed","template":"","meta":{"footnotes":""},"folder":[19],"class_list":["post-200","page","type-page","status-publish"],"_links":{"self":[{"href":"https:\/\/api25.fr\/index.php\/wp-json\/wp\/v2\/pages\/200","targetHints":{"allow":["GET"]}}],"collection":[{"href":"https:\/\/api25.fr\/index.php\/wp-json\/wp\/v2\/pages"}],"about":[{"href":"https:\/\/api25.fr\/index.php\/wp-json\/wp\/v2\/types\/page"}],"author":[{"embeddable":true,"href":"https:\/\/api25.fr\/index.php\/wp-json\/wp\/v2\/users\/1"}],"replies":[{"embeddable":true,"href":"https:\/\/api25.fr\/index.php\/wp-json\/wp\/v2\/comments?post=200"}],"version-history":[{"count":26,"href":"https:\/\/api25.fr\/index.php\/wp-json\/wp\/v2\/pages\/200\/revisions"}],"predecessor-version":[{"id":1835,"href":"https:\/\/api25.fr\/index.php\/wp-json\/wp\/v2\/pages\/200\/revisions\/1835"}],"up":[{"embeddable":true,"href":"https:\/\/api25.fr\/index.php\/wp-json\/wp\/v2\/pages\/65"}],"wp:attachment":[{"href":"https:\/\/api25.fr\/index.php\/wp-json\/wp\/v2\/media?parent=200"}],"wp:term":[{"taxonomy":"folder","embeddable":true,"href":"https:\/\/api25.fr\/index.php\/wp-json\/wp\/v2\/folder?post=200"}],"curies":[{"name":"wp","href":"https:\/\/api.w.org\/{rel}","templated":true}]}}