{"id":2513,"date":"2025-12-10T14:28:04","date_gmt":"2025-12-10T13:28:04","guid":{"rendered":"https:\/\/api25.fr\/?page_id=2513"},"modified":"2025-12-10T16:14:00","modified_gmt":"2025-12-10T15:14:00","slug":"chateaux","status":"publish","type":"page","link":"https:\/\/api25.fr\/index.php\/albums-photos\/chateaux\/","title":{"rendered":"Ch\u00e2teaux"},"content":{"rendered":"\t\t<div data-elementor-type=\"wp-page\" data-elementor-id=\"2513\" class=\"elementor elementor-2513\">\n\t\t\t\t\t\t<section class=\"elementor-section elementor-top-section elementor-element elementor-element-15ffaf6 elementor-section-boxed elementor-section-height-default elementor-section-height-default\" data-id=\"15ffaf6\" data-element_type=\"section\">\n\t\t\t\t\t\t<div class=\"elementor-container elementor-column-gap-default\">\n\t\t\t\t\t<div class=\"elementor-column elementor-col-100 elementor-top-column elementor-element elementor-element-11463bd\" data-id=\"11463bd\" data-element_type=\"column\">\n\t\t\t<div class=\"elementor-widget-wrap elementor-element-populated\">\n\t\t\t\t\t\t<div class=\"elementor-element elementor-element-5b88e21 elementor-widget elementor-widget-text-editor\" data-id=\"5b88e21\" data-element_type=\"widget\" data-widget_type=\"text-editor.default\">\n\t\t\t\t<div class=\"elementor-widget-container\">\n\t\t\t\t\t\t\t\t\t<h3><a href=\"https:\/\/api25.fr\/index.php\/albums-photos\/chateaux\/chateau-de-scey-en-varais\/\">Ch\u00e2teau de Scey-en-Varais<\/a><\/h3>\t\t\t\t\t\t\t\t<\/div>\n\t\t\t\t<\/div>\n\t\t\t\t\t<\/div>\n\t\t<\/div>\n\t\t\t\t\t<\/div>\n\t\t<\/section>\n\t\t\t\t<section class=\"elementor-section elementor-top-section elementor-element elementor-element-f0c18c7 elementor-section-boxed elementor-section-height-default elementor-section-height-default\" data-id=\"f0c18c7\" data-element_type=\"section\">\n\t\t\t\t\t\t<div class=\"elementor-container elementor-column-gap-default\">\n\t\t\t\t\t<div class=\"elementor-column elementor-col-100 elementor-top-column elementor-element elementor-element-7865265\" data-id=\"7865265\" data-element_type=\"column\">\n\t\t\t<div class=\"elementor-widget-wrap elementor-element-populated\">\n\t\t\t\t\t\t<div class=\"elementor-element elementor-element-0321344 elementor-widget elementor-widget-text-editor\" data-id=\"0321344\" data-element_type=\"widget\" data-widget_type=\"text-editor.default\">\n\t\t\t\t<div class=\"elementor-widget-container\">\n\t\t\t\t\t\t\t\t\t<h3><a href=\"https:\/\/api25.fr\/index.php\/chateau-de-montrond-le-chateau\/\">Ch\u00e2teau de Montrond-le-Ch\u00e2teau<\/a><\/h3>\t\t\t\t\t\t\t\t<\/div>\n\t\t\t\t<\/div>\n\t\t\t\t\t<\/div>\n\t\t<\/div>\n\t\t\t\t\t<\/div>\n\t\t<\/section>\n\t\t\t\t<\/div>\n\t\t","protected":false},"excerpt":{"rendered":"<p>Ch\u00e2teau de Scey-en-Varais Ch\u00e2teau de Montrond-le-Ch\u00e2teau<\/p>\n","protected":false},"author":1,"featured_media":0,"parent":68,"menu_order":4,"comment_status":"closed","ping_status":"closed","template":"","meta":{"footnotes":""},"folder":[16],"class_list":["post-2513","page","type-page","status-publish"],"_links":{"self":[{"href":"https:\/\/api25.fr\/index.php\/wp-json\/wp\/v2\/pages\/2513","targetHints":{"allow":["GET"]}}],"collection":[{"href":"https:\/\/api25.fr\/index.php\/wp-json\/wp\/v2\/pages"}],"about":[{"href":"https:\/\/api25.fr\/index.php\/wp-json\/wp\/v2\/types\/page"}],"author":[{"embeddable":true,"href":"https:\/\/api25.fr\/index.php\/wp-json\/wp\/v2\/users\/1"}],"replies":[{"embeddable":true,"href":"https:\/\/api25.fr\/index.php\/wp-json\/wp\/v2\/comments?post=2513"}],"version-history":[{"count":10,"href":"https:\/\/api25.fr\/index.php\/wp-json\/wp\/v2\/pages\/2513\/revisions"}],"predecessor-version":[{"id":2575,"href":"https:\/\/api25.fr\/index.php\/wp-json\/wp\/v2\/pages\/2513\/revisions\/2575"}],"up":[{"embeddable":true,"href":"https:\/\/api25.fr\/index.php\/wp-json\/wp\/v2\/pages\/68"}],"wp:attachment":[{"href":"https:\/\/api25.fr\/index.php\/wp-json\/wp\/v2\/media?parent=2513"}],"wp:term":[{"taxonomy":"folder","embeddable":true,"href":"https:\/\/api25.fr\/index.php\/wp-json\/wp\/v2\/folder?post=2513"}],"curies":[{"name":"wp","href":"https:\/\/api.w.org\/{rel}","templated":true}]}}